{"id":204,"date":"2025-03-24T08:24:40","date_gmt":"2025-03-24T08:24:40","guid":{"rendered":"https:\/\/cphhelicopter.dk\/?page_id=204"},"modified":"2026-04-26T15:42:14","modified_gmt":"2026-04-26T14:42:14","slug":"como-reservar-un-charter-de-helicoptero-a-pedido-en-copenhague","status":"publish","type":"page","link":"https:\/\/cphhelicopter.dk\/es\/how-to-book-an-ondemand-helicopter-charter-copenhagen\/","title":{"rendered":"C\u00f3mo reservar un ch\u00e1rter de helic\u00f3ptero a la carta en Copenhague"},"content":{"rendered":"<div class=\"wp-block-group alignfull has-foreground-background-color has-background has-global-padding is-layout-constrained wp-block-group-is-layout-constrained\" style=\"margin-top:0;margin-bottom:0;padding-top:0;padding-bottom:0\">\n<div class=\"wp-block-group alignwide has-global-padding is-layout-constrained wp-block-group-is-layout-constrained\" style=\"padding-top:var(--wp--preset--spacing--30);padding-bottom:var(--wp--preset--spacing--30)\">\n<h1 class=\"wp-block-heading alignwide has-background-color has-text-color\" style=\"font-size:clamp(0.875rem, 0.875rem + ((1vw - 0.2rem) * 0.625), 1.25rem);\">C\u00f3mo reservar un ch\u00e1rter de helic\u00f3ptero a la carta en Copenhague<\/h1>\n<\/div>\n<\/div>\n\n\n\n<div class=\"wp-block-group alignfull has-tertiary-background-color has-background has-global-padding is-layout-constrained wp-container-core-group-is-layout-7276a2bb wp-block-group-is-layout-constrained\" id=\"services\" style=\"margin-top:0;margin-bottom:0;padding-top:var(--wp--preset--spacing--60);padding-right:var(--wp--preset--spacing--30);padding-bottom:var(--wp--preset--spacing--60);padding-left:var(--wp--preset--spacing--30)\">\n<div class=\"wp-block-group alignwide has-global-padding is-content-justification-center is-layout-constrained wp-block-group-is-layout-constrained\">\n<h2 class=\"wp-block-heading has-text-align-center\">Alquiler de helic\u00f3pteros y aviones bajo demanda<\/h2>\n\n\n\n<p class=\"has-text-align-center has-medium-font-size\" style=\"margin-top:16px\">Nuestro servicio de ch\u00e1rter a demanda est\u00e1 dirigido a clientes que necesitan transporte flexible y directo en helic\u00f3ptero o avi\u00f3n. Organizamos vuelos desde el aeropuerto de Copenhague Roskilde a destinos en toda Dinamarca y regiones cercanas, dependiendo de la ruta, el clima, los permisos y la disponibilidad de la aeronave.<\/p>\n<\/div>\n\n\n\n<h3 class=\"wp-block-heading\">Casos de uso t\u00edpicos<\/h3>\n\n\n\n<ul class=\"wp-block-list\">\n<li>Viajes de negocios entre ciudades<\/li>\n\n\n\n<li>Transporte a reuniones, eventos o destinos privados<\/li>\n\n\n\n<li>Transferencias r\u00e1pidas donde el transporte por carretera tarda demasiado<\/li>\n\n\n\n<li>Vuelos de ocio, negocios o para ocasiones especiales<\/li>\n<\/ul>\n\n\n\n<div class=\"wp-block-columns alignwide is-layout-flex wp-container-core-columns-is-layout-5b525043 wp-block-columns-is-layout-flex\">\n<div class=\"wp-block-column is-layout-flow wp-block-column-is-layout-flow\">\n<div class=\"wp-block-group has-background-background-color has-background has-global-padding is-layout-constrained wp-container-core-group-is-layout-13e450dc wp-block-group-is-layout-constrained\" style=\"border-radius:1.5rem;padding-top:2rem;padding-right:1.5rem;padding-bottom:2rem;padding-left:1.5rem\">\n<h3 class=\"wp-block-heading has-text-align-center\" style=\"font-size:clamp(18.959px, 1.185rem + ((1vw - 3.2px) * 1.15), 30px);line-height:1.5\">Helic\u00f3ptero<\/h3>\n\n\n\n<p class=\"has-text-align-center has-small-font-size\" style=\"margin-top:8px;margin-bottom:var(--wp--preset--spacing--30)\">Reserve transporte flexible en helic\u00f3ptero para viajes de negocios o de placer en toda Dinamarca. Ofrecemos helic\u00f3pteros de uno y dos motores, incluyendo aeronaves con configuraci\u00f3n VIP y soluciones completas con transporte terrestre si es necesario.<\/p>\n\n\n\n<p>Por favor <a data-type=\"page\" data-id=\"35\" href=\"https:\/\/cphhelicopter.dk\/es\/pongase-en-contacto-con\/\">cont\u00e1ctanos<\/a> con su ruta, horario y n\u00famero de pasajeros.<\/p>\n\n\n\n<figure class=\"wp-block-image size-large has-custom-border ext-aspect-landscape extendify-image-import\"><img loading=\"lazy\" decoding=\"async\" width=\"1024\" height=\"768\" src=\"https:\/\/cphhelicopter.dk\/wp-content\/uploads\/2025\/03\/2021-06-03-13.12.38-1024x768.jpg\" alt=\"\" class=\"wp-image-68\" style=\"border-radius:1.5rem;aspect-ratio:1;object-fit:cover\" srcset=\"https:\/\/cphhelicopter.dk\/wp-content\/uploads\/2025\/03\/2021-06-03-13.12.38-1024x768.jpg 1024w, https:\/\/cphhelicopter.dk\/wp-content\/uploads\/2025\/03\/2021-06-03-13.12.38-300x225.jpg 300w, https:\/\/cphhelicopter.dk\/wp-content\/uploads\/2025\/03\/2021-06-03-13.12.38-768x576.jpg 768w, https:\/\/cphhelicopter.dk\/wp-content\/uploads\/2025\/03\/2021-06-03-13.12.38-1536x1152.jpg 1536w, https:\/\/cphhelicopter.dk\/wp-content\/uploads\/2025\/03\/2021-06-03-13.12.38-2048x1536.jpg 2048w\" sizes=\"auto, (max-width: 1024px) 100vw, 1024px\" \/><\/figure>\n\n\n\n<figure class=\"wp-block-image size-large has-custom-border ext-aspect-landscape extendify-image-import\"><img loading=\"lazy\" decoding=\"async\" width=\"1024\" height=\"768\" src=\"https:\/\/cphhelicopter.dk\/wp-content\/uploads\/2025\/03\/Airbus-H135-VIP-cabin-2-1024x768.jpg\" alt=\"\" class=\"wp-image-234\" style=\"border-radius:1.5rem;aspect-ratio:1;object-fit:cover\" srcset=\"https:\/\/cphhelicopter.dk\/wp-content\/uploads\/2025\/03\/Airbus-H135-VIP-cabin-2-1024x768.jpg 1024w, https:\/\/cphhelicopter.dk\/wp-content\/uploads\/2025\/03\/Airbus-H135-VIP-cabin-2-300x225.jpg 300w, https:\/\/cphhelicopter.dk\/wp-content\/uploads\/2025\/03\/Airbus-H135-VIP-cabin-2-768x576.jpg 768w, https:\/\/cphhelicopter.dk\/wp-content\/uploads\/2025\/03\/Airbus-H135-VIP-cabin-2-1536x1152.jpg 1536w, https:\/\/cphhelicopter.dk\/wp-content\/uploads\/2025\/03\/Airbus-H135-VIP-cabin-2-2048x1536.jpg 2048w, https:\/\/cphhelicopter.dk\/wp-content\/uploads\/2025\/03\/Airbus-H135-VIP-cabin-2-16x12.jpg 16w\" sizes=\"auto, (max-width: 1024px) 100vw, 1024px\" \/><\/figure>\n\n\n\n<figure class=\"wp-block-image size-large has-custom-border ext-aspect-landscape extendify-image-import\"><img loading=\"lazy\" decoding=\"async\" width=\"768\" height=\"1024\" src=\"https:\/\/cphhelicopter.dk\/wp-content\/uploads\/2025\/03\/2021-08-13-15.57.38-HDR-768x1024.jpg\" alt=\"\" class=\"wp-image-235\" style=\"border-radius:1.5rem;aspect-ratio:1;object-fit:cover\" srcset=\"https:\/\/cphhelicopter.dk\/wp-content\/uploads\/2025\/03\/2021-08-13-15.57.38-HDR-768x1024.jpg 768w, https:\/\/cphhelicopter.dk\/wp-content\/uploads\/2025\/03\/2021-08-13-15.57.38-HDR-225x300.jpg 225w, https:\/\/cphhelicopter.dk\/wp-content\/uploads\/2025\/03\/2021-08-13-15.57.38-HDR-1152x1536.jpg 1152w, https:\/\/cphhelicopter.dk\/wp-content\/uploads\/2025\/03\/2021-08-13-15.57.38-HDR-1536x2048.jpg 1536w, https:\/\/cphhelicopter.dk\/wp-content\/uploads\/2025\/03\/2021-08-13-15.57.38-HDR-9x12.jpg 9w, https:\/\/cphhelicopter.dk\/wp-content\/uploads\/2025\/03\/2021-08-13-15.57.38-HDR-scaled.jpg 1920w\" sizes=\"auto, (max-width: 768px) 100vw, 768px\" \/><\/figure>\n\n\n\n<figure class=\"wp-block-image size-large has-custom-border ext-aspect-landscape extendify-image-import\"><img loading=\"lazy\" decoding=\"async\" width=\"1024\" height=\"768\" src=\"https:\/\/cphhelicopter.dk\/wp-content\/uploads\/2025\/03\/2018-11-30-13.53.27-1-1024x768.jpg\" alt=\"\" class=\"wp-image-236\" style=\"border-radius:1.5rem;aspect-ratio:1;object-fit:cover\" srcset=\"https:\/\/cphhelicopter.dk\/wp-content\/uploads\/2025\/03\/2018-11-30-13.53.27-1-1024x768.jpg 1024w, https:\/\/cphhelicopter.dk\/wp-content\/uploads\/2025\/03\/2018-11-30-13.53.27-1-300x225.jpg 300w, https:\/\/cphhelicopter.dk\/wp-content\/uploads\/2025\/03\/2018-11-30-13.53.27-1-768x576.jpg 768w, https:\/\/cphhelicopter.dk\/wp-content\/uploads\/2025\/03\/2018-11-30-13.53.27-1-1536x1152.jpg 1536w, https:\/\/cphhelicopter.dk\/wp-content\/uploads\/2025\/03\/2018-11-30-13.53.27-1-2048x1536.jpg 2048w, https:\/\/cphhelicopter.dk\/wp-content\/uploads\/2025\/03\/2018-11-30-13.53.27-1-16x12.jpg 16w\" sizes=\"auto, (max-width: 1024px) 100vw, 1024px\" \/><\/figure>\n\n\n\n<figure class=\"wp-block-image size-full has-custom-border ext-aspect-landscape extendify-image-import\"><img loading=\"lazy\" decoding=\"async\" width=\"821\" height=\"980\" src=\"https:\/\/cphhelicopter.dk\/wp-content\/uploads\/2025\/03\/UniFly-H120.jpg\" alt=\"\" class=\"wp-image-242\" style=\"border-radius:1.5rem;aspect-ratio:1;object-fit:cover\" srcset=\"https:\/\/cphhelicopter.dk\/wp-content\/uploads\/2025\/03\/UniFly-H120.jpg 821w, https:\/\/cphhelicopter.dk\/wp-content\/uploads\/2025\/03\/UniFly-H120-251x300.jpg 251w, https:\/\/cphhelicopter.dk\/wp-content\/uploads\/2025\/03\/UniFly-H120-768x917.jpg 768w, https:\/\/cphhelicopter.dk\/wp-content\/uploads\/2025\/03\/UniFly-H120-10x12.jpg 10w\" sizes=\"auto, (max-width: 821px) 100vw, 821px\" \/><\/figure>\n<\/div>\n<\/div>\n\n\n\n<div class=\"wp-block-column is-layout-flow wp-block-column-is-layout-flow\">\n<div class=\"wp-block-group has-background-background-color has-background has-global-padding is-layout-constrained wp-container-core-group-is-layout-13e450dc wp-block-group-is-layout-constrained\" style=\"border-radius:1.5rem;padding-top:2rem;padding-right:1.5rem;padding-bottom:2rem;padding-left:1.5rem\">\n<h3 class=\"wp-block-heading has-text-align-center\" style=\"font-size:clamp(18.959px, 1.185rem + ((1vw - 3.2px) * 1.15), 30px);line-height:1.5\">Avi\u00f3n<\/h3>\n\n\n\n<p class=\"has-text-align-center has-small-font-size\" style=\"margin-top:8px;margin-bottom:var(--wp--preset--spacing--30)\">Reserve soluciones de aeronaves flexibles para viajes de negocios o de placer, desde aeronaves m\u00e1s peque\u00f1as hasta mayor capacidad de pasajeros, seg\u00fan sus necesidades. Tambi\u00e9n podemos organizar el transporte terrestre, por lo que solo necesita un punto de contacto.<\/p>\n\n\n\n<p>Por favor <a data-type=\"page\" data-id=\"35\" href=\"https:\/\/cphhelicopter.dk\/es\/pongase-en-contacto-con\/\">cont\u00e1ctanos<\/a> con su ruta, horario y n\u00famero de pasajeros.<\/p>\n\n\n\n<figure class=\"wp-block-image size-large has-custom-border ext-aspect-landscape extendify-image-import\"><img loading=\"lazy\" decoding=\"async\" width=\"1024\" height=\"768\" src=\"https:\/\/cphhelicopter.dk\/wp-content\/uploads\/2025\/03\/PC12-and-Viggo-taxi-1024x768.jpg\" alt=\"\" class=\"wp-image-233\" style=\"border-radius:1.5rem;aspect-ratio:1;object-fit:cover\" srcset=\"https:\/\/cphhelicopter.dk\/wp-content\/uploads\/2025\/03\/PC12-and-Viggo-taxi-1024x768.jpg 1024w, https:\/\/cphhelicopter.dk\/wp-content\/uploads\/2025\/03\/PC12-and-Viggo-taxi-300x225.jpg 300w, https:\/\/cphhelicopter.dk\/wp-content\/uploads\/2025\/03\/PC12-and-Viggo-taxi-768x576.jpg 768w, https:\/\/cphhelicopter.dk\/wp-content\/uploads\/2025\/03\/PC12-and-Viggo-taxi-1536x1152.jpg 1536w, https:\/\/cphhelicopter.dk\/wp-content\/uploads\/2025\/03\/PC12-and-Viggo-taxi-16x12.jpg 16w, https:\/\/cphhelicopter.dk\/wp-content\/uploads\/2025\/03\/PC12-and-Viggo-taxi.jpg 2000w\" sizes=\"auto, (max-width: 1024px) 100vw, 1024px\" \/><\/figure>\n\n\n\n<figure class=\"wp-block-image size-full has-custom-border ext-aspect-landscape extendify-image-import\"><img loading=\"lazy\" decoding=\"async\" width=\"840\" height=\"630\" src=\"https:\/\/cphhelicopter.dk\/wp-content\/uploads\/2025\/03\/PC12-cabin-1.jpg\" alt=\"\" class=\"wp-image-238\" style=\"border-radius:1.5rem;aspect-ratio:1;object-fit:cover\" srcset=\"https:\/\/cphhelicopter.dk\/wp-content\/uploads\/2025\/03\/PC12-cabin-1.jpg 840w, https:\/\/cphhelicopter.dk\/wp-content\/uploads\/2025\/03\/PC12-cabin-1-300x225.jpg 300w, https:\/\/cphhelicopter.dk\/wp-content\/uploads\/2025\/03\/PC12-cabin-1-768x576.jpg 768w, https:\/\/cphhelicopter.dk\/wp-content\/uploads\/2025\/03\/PC12-cabin-1-16x12.jpg 16w\" sizes=\"auto, (max-width: 840px) 100vw, 840px\" \/><\/figure>\n\n\n\n<figure class=\"wp-block-image size-full has-custom-border ext-aspect-landscape extendify-image-import\"><img loading=\"lazy\" decoding=\"async\" width=\"840\" height=\"630\" src=\"https:\/\/cphhelicopter.dk\/wp-content\/uploads\/2025\/03\/PC12-cabin-2.jpg\" alt=\"\" class=\"wp-image-239\" style=\"border-radius:1.5rem;aspect-ratio:1;object-fit:cover\" srcset=\"https:\/\/cphhelicopter.dk\/wp-content\/uploads\/2025\/03\/PC12-cabin-2.jpg 840w, https:\/\/cphhelicopter.dk\/wp-content\/uploads\/2025\/03\/PC12-cabin-2-300x225.jpg 300w, https:\/\/cphhelicopter.dk\/wp-content\/uploads\/2025\/03\/PC12-cabin-2-768x576.jpg 768w, https:\/\/cphhelicopter.dk\/wp-content\/uploads\/2025\/03\/PC12-cabin-2-16x12.jpg 16w\" sizes=\"auto, (max-width: 840px) 100vw, 840px\" \/><\/figure>\n\n\n\n<figure class=\"wp-block-image size-full has-custom-border ext-aspect-landscape extendify-image-import\"><img loading=\"lazy\" decoding=\"async\" width=\"1970\" height=\"1313\" src=\"https:\/\/cphhelicopter.dk\/wp-content\/uploads\/2025\/03\/kingair-1.jpeg\" alt=\"\" class=\"wp-image-240\" style=\"border-radius:1.5rem;aspect-ratio:1;object-fit:cover\" srcset=\"https:\/\/cphhelicopter.dk\/wp-content\/uploads\/2025\/03\/kingair-1.jpeg 1970w, https:\/\/cphhelicopter.dk\/wp-content\/uploads\/2025\/03\/kingair-1-300x200.jpeg 300w, https:\/\/cphhelicopter.dk\/wp-content\/uploads\/2025\/03\/kingair-1-1024x682.jpeg 1024w, https:\/\/cphhelicopter.dk\/wp-content\/uploads\/2025\/03\/kingair-1-768x512.jpeg 768w, https:\/\/cphhelicopter.dk\/wp-content\/uploads\/2025\/03\/kingair-1-1536x1024.jpeg 1536w, https:\/\/cphhelicopter.dk\/wp-content\/uploads\/2025\/03\/kingair-1-18x12.jpeg 18w\" sizes=\"auto, (max-width: 1970px) 100vw, 1970px\" \/><\/figure>\n\n\n\n<figure class=\"wp-block-image size-full has-custom-border ext-aspect-landscape extendify-image-import\"><img loading=\"lazy\" decoding=\"async\" width=\"1970\" height=\"1314\" src=\"https:\/\/cphhelicopter.dk\/wp-content\/uploads\/2025\/03\/kingair-2.jpeg\" alt=\"\" class=\"wp-image-241\" style=\"border-radius:1.5rem;aspect-ratio:1;object-fit:cover\" srcset=\"https:\/\/cphhelicopter.dk\/wp-content\/uploads\/2025\/03\/kingair-2.jpeg 1970w, https:\/\/cphhelicopter.dk\/wp-content\/uploads\/2025\/03\/kingair-2-300x200.jpeg 300w, https:\/\/cphhelicopter.dk\/wp-content\/uploads\/2025\/03\/kingair-2-1024x683.jpeg 1024w, https:\/\/cphhelicopter.dk\/wp-content\/uploads\/2025\/03\/kingair-2-768x512.jpeg 768w, https:\/\/cphhelicopter.dk\/wp-content\/uploads\/2025\/03\/kingair-2-1536x1025.jpeg 1536w, https:\/\/cphhelicopter.dk\/wp-content\/uploads\/2025\/03\/kingair-2-18x12.jpeg 18w\" sizes=\"auto, (max-width: 1970px) 100vw, 1970px\" \/><\/figure>\n<\/div>\n<\/div>\n<\/div>\n\n\n\n<p class=\"has-text-align-center\">D\u00edganos a d\u00f3nde necesita ir, cu\u00e1ndo desea viajar y cu\u00e1ntos pasajeros volar\u00e1n. Revisaremos la disponibilidad, las rutas y las opciones pr\u00e1cticas antes de confirmar lo que es posible obtener.<\/p>\n\n\n\n<div class=\"wp-block-buttons is-content-justification-center is-layout-flex wp-container-core-buttons-is-layout-a89b3969 wp-block-buttons-is-layout-flex\">\n<div class=\"wp-block-button\"><a class=\"wp-block-button__link has-text-align-center wp-element-button\" href=\"https:\/\/cphhelicopter.dk\/es\/pongase-en-contacto-con\/\">Solicitar disponibilidad<\/a><\/div>\n<\/div>\n<\/div>","protected":false},"excerpt":{"rendered":"<p>How to Book an OnDemand Helicopter Charter Copenhagen Helicopter &amp; Aircraft Charter On Demand Our on-demand charter service is for customers who need flexible, direct transport by helicopter or aircraft. We arrange flights from Copenhagen Airport Roskilde to destinations across Denmark and nearby regions, depending on route, weather, permissions and aircraft availability. Typical Use Cases [&hellip;]<\/p>\n","protected":false},"author":1,"featured_media":0,"parent":0,"menu_order":0,"comment_status":"closed","ping_status":"closed","template":"no-title","meta":{"om_disable_all_campaigns":false,"_monsterinsights_skip_tracking":false,"_monsterinsights_sitenote_active":false,"_monsterinsights_sitenote_note":"","_monsterinsights_sitenote_category":0,"footnotes":""},"class_list":["post-204","page","type-page","status-publish","hentry"],"aioseo_notices":[],"_links":{"self":[{"href":"https:\/\/cphhelicopter.dk\/es\/wp-json\/wp\/v2\/pages\/204","targetHints":{"allow":["GET"]}}],"collection":[{"href":"https:\/\/cphhelicopter.dk\/es\/wp-json\/wp\/v2\/pages"}],"about":[{"href":"https:\/\/cphhelicopter.dk\/es\/wp-json\/wp\/v2\/types\/page"}],"author":[{"embeddable":true,"href":"https:\/\/cphhelicopter.dk\/es\/wp-json\/wp\/v2\/users\/1"}],"replies":[{"embeddable":true,"href":"https:\/\/cphhelicopter.dk\/es\/wp-json\/wp\/v2\/comments?post=204"}],"version-history":[{"count":10,"href":"https:\/\/cphhelicopter.dk\/es\/wp-json\/wp\/v2\/pages\/204\/revisions"}],"predecessor-version":[{"id":875,"href":"https:\/\/cphhelicopter.dk\/es\/wp-json\/wp\/v2\/pages\/204\/revisions\/875"}],"wp:attachment":[{"href":"https:\/\/cphhelicopter.dk\/es\/wp-json\/wp\/v2\/media?parent=204"}],"curies":[{"name":"wp","href":"https:\/\/api.w.org\/{rel}","templated":true}]}}