{"id":36,"date":"2025-03-19T23:26:51","date_gmt":"2025-03-19T23:26:51","guid":{"rendered":"https:\/\/cphhelicopter.dk\/services\/"},"modified":"2026-04-26T16:13:37","modified_gmt":"2026-04-26T15:13:37","slug":"como-reservar-vuelos-especiales-en-helicoptero-y-avion-desde-copenhague","status":"publish","type":"page","link":"https:\/\/cphhelicopter.dk\/es\/how-to-book-special-helicopter-and-aircraft-flights-from-copenhagen\/","title":{"rendered":"C\u00f3mo contratar vuelos especiales en helic\u00f3ptero y avi\u00f3n desde Copenhague"},"content":{"rendered":"<div class=\"wp-block-group alignfull has-foreground-background-color has-background has-global-padding is-layout-constrained wp-block-group-is-layout-constrained\" style=\"margin-top:0;margin-bottom:0;padding-top:0;padding-bottom:0\">\n<div class=\"wp-block-group alignwide has-global-padding is-layout-constrained wp-block-group-is-layout-constrained\" style=\"padding-top:var(--wp--preset--spacing--30);padding-bottom:var(--wp--preset--spacing--30)\">\n<h1 class=\"wp-block-heading alignwide has-background-color has-text-color\" style=\"font-size:clamp(0.875rem, 0.875rem + ((1vw - 0.2rem) * 0.625), 1.25rem);\">C\u00f3mo contratar vuelos especiales en helic\u00f3ptero y avi\u00f3n desde Copenhague<\/h1>\n<\/div>\n<\/div>\n\n\n\n<div class=\"wp-block-group alignfull has-tertiary-background-color has-background has-global-padding is-layout-constrained wp-container-core-group-is-layout-7276a2bb wp-block-group-is-layout-constrained\" id=\"services\" style=\"margin-top:0;margin-bottom:0;padding-top:var(--wp--preset--spacing--60);padding-right:var(--wp--preset--spacing--30);padding-bottom:var(--wp--preset--spacing--60);padding-left:var(--wp--preset--spacing--30)\">\n<div class=\"wp-block-group alignwide has-global-padding is-content-justification-center is-layout-constrained wp-block-group-is-layout-constrained\">\n<h2 class=\"wp-block-heading has-text-align-center\">Vuelos de helic\u00f3ptero y avi\u00f3n para proyectos especiales<\/h2>\n\n\n\n<p class=\"has-text-align-center has-medium-font-size\" style=\"margin-top:16px\">Adem\u00e1s de visitas tur\u00edsticas y vuelos ch\u00e1rter a pedido, ofrecemos vuelos en helic\u00f3ptero y avi\u00f3n para filmaciones, fotograf\u00eda y otros proyectos especializados.<\/p>\n\n\n\n<p class=\"has-text-align-center\">Estos vuelos pueden incluir fotograf\u00eda a\u00e9rea, filmaci\u00f3n, rutas personalizadas u otras necesidades operativas dependiendo del proyecto.<\/p>\n\n\n\n<p class=\"has-text-align-center\">Estos vuelos se organizan bajo demanda en funci\u00f3n de la ubicaci\u00f3n, los permisos, los requisitos de seguridad y el alcance del proyecto.<\/p>\n<\/div>\n\n\n\n<div class=\"wp-block-columns alignwide is-layout-flex wp-container-core-columns-is-layout-5b525043 wp-block-columns-is-layout-flex\">\n<div class=\"wp-block-column is-layout-flow wp-block-column-is-layout-flow\">\n<div class=\"wp-block-group has-background-background-color has-background has-global-padding is-layout-constrained wp-container-core-group-is-layout-13e450dc wp-block-group-is-layout-constrained\" style=\"border-radius:1.5rem;padding-top:2rem;padding-right:1.5rem;padding-bottom:2rem;padding-left:1.5rem\">\n<h3 class=\"wp-block-heading has-text-align-center\" style=\"font-size:clamp(18.959px, 1.185rem + ((1vw - 3.2px) * 1.15), 30px);line-height:1.5\">Bodas<\/h3>\n\n\n\n<p class=\"has-text-align-center has-small-font-size\" style=\"margin-top:8px;margin-bottom:var(--wp--preset--spacing--30)\">Del Templo a tu Lugar de Celebraci\u00f3n en Helic\u00f3ptero, sorprende a tus invitados, no es tan caro como muchos piensan. Usa nuestro <a data-type=\"link\" data-id=\"https:\/\/cphhelicopter.dk\/contact\/\" href=\"https:\/\/cphhelicopter.dk\/es\/pongase-en-contacto-con\/\">formulario de contacto<\/a> con detalles y le daremos una soluci\u00f3n.<\/p>\n\n\n\n<figure class=\"wp-block-image size-large has-custom-border ext-aspect-landscape extendify-image-import\"><img loading=\"lazy\" decoding=\"async\" width=\"1024\" height=\"760\" src=\"https:\/\/cphhelicopter.dk\/wp-content\/uploads\/2025\/03\/2018-08-04-15.07.36-1-1-scaled-e1776559930993-1024x760.jpg\" alt=\"\" class=\"wp-image-194\" style=\"border-radius:1.5rem;aspect-ratio:1;object-fit:cover\" srcset=\"https:\/\/cphhelicopter.dk\/wp-content\/uploads\/2025\/03\/2018-08-04-15.07.36-1-1-scaled-e1776559930993-1024x760.jpg 1024w, https:\/\/cphhelicopter.dk\/wp-content\/uploads\/2025\/03\/2018-08-04-15.07.36-1-1-scaled-e1776559930993-300x223.jpg 300w, https:\/\/cphhelicopter.dk\/wp-content\/uploads\/2025\/03\/2018-08-04-15.07.36-1-1-scaled-e1776559930993-768x570.jpg 768w, https:\/\/cphhelicopter.dk\/wp-content\/uploads\/2025\/03\/2018-08-04-15.07.36-1-1-scaled-e1776559930993-1536x1141.jpg 1536w, https:\/\/cphhelicopter.dk\/wp-content\/uploads\/2025\/03\/2018-08-04-15.07.36-1-1-scaled-e1776559930993-16x12.jpg 16w, https:\/\/cphhelicopter.dk\/wp-content\/uploads\/2025\/03\/2018-08-04-15.07.36-1-1-scaled-e1776559930993.jpg 2020w\" sizes=\"auto, (max-width: 1024px) 100vw, 1024px\" \/><\/figure>\n\n\n\n<figure class=\"wp-block-image size-full has-custom-border ext-aspect-landscape extendify-image-import\"><img loading=\"lazy\" decoding=\"async\" width=\"960\" height=\"564\" src=\"https:\/\/cphhelicopter.dk\/wp-content\/uploads\/2025\/03\/wedding-apron-1.jpg\" alt=\"\" class=\"wp-image-195\" style=\"border-radius:1.5rem\" srcset=\"https:\/\/cphhelicopter.dk\/wp-content\/uploads\/2025\/03\/wedding-apron-1.jpg 960w, https:\/\/cphhelicopter.dk\/wp-content\/uploads\/2025\/03\/wedding-apron-1-300x176.jpg 300w, https:\/\/cphhelicopter.dk\/wp-content\/uploads\/2025\/03\/wedding-apron-1-768x451.jpg 768w, https:\/\/cphhelicopter.dk\/wp-content\/uploads\/2025\/03\/wedding-apron-1-18x12.jpg 18w\" sizes=\"auto, (max-width: 960px) 100vw, 960px\" \/><\/figure>\n\n\n\n<figure class=\"wp-block-image size-large has-custom-border ext-aspect-landscape extendify-image-import\"><img loading=\"lazy\" decoding=\"async\" width=\"1024\" height=\"768\" src=\"https:\/\/cphhelicopter.dk\/wp-content\/uploads\/2025\/03\/2017-07-30-12.39.37-2-1024x768.jpg\" alt=\"\" class=\"wp-image-196\" style=\"border-radius:1.5rem;aspect-ratio:1;object-fit:cover\" srcset=\"https:\/\/cphhelicopter.dk\/wp-content\/uploads\/2025\/03\/2017-07-30-12.39.37-2-1024x768.jpg 1024w, https:\/\/cphhelicopter.dk\/wp-content\/uploads\/2025\/03\/2017-07-30-12.39.37-2-300x225.jpg 300w, https:\/\/cphhelicopter.dk\/wp-content\/uploads\/2025\/03\/2017-07-30-12.39.37-2-768x576.jpg 768w, https:\/\/cphhelicopter.dk\/wp-content\/uploads\/2025\/03\/2017-07-30-12.39.37-2-1536x1152.jpg 1536w, https:\/\/cphhelicopter.dk\/wp-content\/uploads\/2025\/03\/2017-07-30-12.39.37-2-2048x1536.jpg 2048w, https:\/\/cphhelicopter.dk\/wp-content\/uploads\/2025\/03\/2017-07-30-12.39.37-2-16x12.jpg 16w\" sizes=\"auto, (max-width: 1024px) 100vw, 1024px\" \/><\/figure>\n\n\n\n<figure class=\"wp-block-image size-large has-custom-border ext-aspect-landscape extendify-image-import\"><img loading=\"lazy\" decoding=\"async\" width=\"1024\" height=\"768\" src=\"https:\/\/cphhelicopter.dk\/wp-content\/uploads\/2025\/03\/2014-09-20-3-1024x768.jpg\" alt=\"\" class=\"wp-image-222\" style=\"border-radius:1.5rem;aspect-ratio:1;object-fit:cover\" srcset=\"https:\/\/cphhelicopter.dk\/wp-content\/uploads\/2025\/03\/2014-09-20-3-1024x768.jpg 1024w, https:\/\/cphhelicopter.dk\/wp-content\/uploads\/2025\/03\/2014-09-20-3-300x225.jpg 300w, https:\/\/cphhelicopter.dk\/wp-content\/uploads\/2025\/03\/2014-09-20-3-768x576.jpg 768w, https:\/\/cphhelicopter.dk\/wp-content\/uploads\/2025\/03\/2014-09-20-3-1536x1152.jpg 1536w, https:\/\/cphhelicopter.dk\/wp-content\/uploads\/2025\/03\/2014-09-20-3-16x12.jpg 16w, https:\/\/cphhelicopter.dk\/wp-content\/uploads\/2025\/03\/2014-09-20-3.jpg 1632w\" sizes=\"auto, (max-width: 1024px) 100vw, 1024px\" \/><\/figure>\n\n\n\n<figure class=\"wp-block-image size-large has-custom-border ext-aspect-landscape extendify-image-import\"><img loading=\"lazy\" decoding=\"async\" width=\"768\" height=\"1024\" src=\"https:\/\/cphhelicopter.dk\/wp-content\/uploads\/2025\/03\/2021-05-01-12.44.21-HDR-768x1024.jpg\" alt=\"\" class=\"wp-image-198\" style=\"border-radius:1.5rem;aspect-ratio:1;object-fit:cover\" srcset=\"https:\/\/cphhelicopter.dk\/wp-content\/uploads\/2025\/03\/2021-05-01-12.44.21-HDR-768x1024.jpg 768w, https:\/\/cphhelicopter.dk\/wp-content\/uploads\/2025\/03\/2021-05-01-12.44.21-HDR-225x300.jpg 225w, https:\/\/cphhelicopter.dk\/wp-content\/uploads\/2025\/03\/2021-05-01-12.44.21-HDR-1152x1536.jpg 1152w, https:\/\/cphhelicopter.dk\/wp-content\/uploads\/2025\/03\/2021-05-01-12.44.21-HDR-1536x2048.jpg 1536w, https:\/\/cphhelicopter.dk\/wp-content\/uploads\/2025\/03\/2021-05-01-12.44.21-HDR-9x12.jpg 9w, https:\/\/cphhelicopter.dk\/wp-content\/uploads\/2025\/03\/2021-05-01-12.44.21-HDR-scaled.jpg 1920w\" sizes=\"auto, (max-width: 768px) 100vw, 768px\" \/><\/figure>\n<\/div>\n<\/div>\n\n\n\n<div class=\"wp-block-column is-layout-flow wp-block-column-is-layout-flow\">\n<div class=\"wp-block-group has-background-background-color has-background has-global-padding is-layout-constrained wp-container-core-group-is-layout-13e450dc wp-block-group-is-layout-constrained\" style=\"border-radius:1.5rem;padding-top:2rem;padding-right:1.5rem;padding-bottom:2rem;padding-left:1.5rem\">\n<h3 class=\"wp-block-heading has-text-align-center\" style=\"font-size:clamp(18.959px, 1.185rem + ((1vw - 3.2px) * 1.15), 30px);line-height:1.5\">Fotograf\u00eda a\u00e9rea<\/h3>\n\n\n\n<p class=\"has-text-align-center has-small-font-size\" style=\"margin-top:8px;margin-bottom:var(--wp--preset--spacing--30)\">\u00bfNecesitas una perspectiva de helic\u00f3ptero para tu c\u00e1mara?<\/p>\n\n\n\n<p class=\"has-text-align-center has-small-font-size\" style=\"margin-top:8px;margin-bottom:var(--wp--preset--spacing--30)\">Tenemos a\u00f1os de experiencia en fotograf\u00eda a\u00e9rea - <a data-type=\"link\" data-id=\"https:\/\/cphhelicopter.dk\/contact\/\" href=\"https:\/\/cphhelicopter.dk\/es\/pongase-en-contacto-con\/\">Contacte con nosotros<\/a> con los requisitos de tu proyecto.<\/p>\n\n\n\n<figure class=\"wp-block-image size-full has-custom-border ext-aspect-landscape extendify-image-import\"><img loading=\"lazy\" decoding=\"async\" width=\"1024\" height=\"768\" src=\"https:\/\/cphhelicopter.dk\/wp-content\/uploads\/2025\/03\/2019-07-06-12.07.59.jpg\" alt=\"\" class=\"wp-image-91\" style=\"border-radius:1.5rem;aspect-ratio:1;object-fit:cover\" srcset=\"https:\/\/cphhelicopter.dk\/wp-content\/uploads\/2025\/03\/2019-07-06-12.07.59.jpg 1024w, https:\/\/cphhelicopter.dk\/wp-content\/uploads\/2025\/03\/2019-07-06-12.07.59-300x225.jpg 300w, https:\/\/cphhelicopter.dk\/wp-content\/uploads\/2025\/03\/2019-07-06-12.07.59-768x576.jpg 768w\" sizes=\"auto, (max-width: 1024px) 100vw, 1024px\" \/><\/figure>\n\n\n\n<figure class=\"wp-block-image size-full has-custom-border ext-aspect-landscape extendify-image-import\"><img loading=\"lazy\" decoding=\"async\" width=\"2246\" height=\"1688\" src=\"https:\/\/cphhelicopter.dk\/wp-content\/uploads\/2025\/03\/2021-09-20-11.47.06-HDR.jpg\" alt=\"\" class=\"wp-image-211\" style=\"border-radius:1.5rem\" srcset=\"https:\/\/cphhelicopter.dk\/wp-content\/uploads\/2025\/03\/2021-09-20-11.47.06-HDR.jpg 2246w, https:\/\/cphhelicopter.dk\/wp-content\/uploads\/2025\/03\/2021-09-20-11.47.06-HDR-300x225.jpg 300w, https:\/\/cphhelicopter.dk\/wp-content\/uploads\/2025\/03\/2021-09-20-11.47.06-HDR-1024x770.jpg 1024w, https:\/\/cphhelicopter.dk\/wp-content\/uploads\/2025\/03\/2021-09-20-11.47.06-HDR-768x577.jpg 768w, https:\/\/cphhelicopter.dk\/wp-content\/uploads\/2025\/03\/2021-09-20-11.47.06-HDR-1536x1154.jpg 1536w, https:\/\/cphhelicopter.dk\/wp-content\/uploads\/2025\/03\/2021-09-20-11.47.06-HDR-2048x1539.jpg 2048w, https:\/\/cphhelicopter.dk\/wp-content\/uploads\/2025\/03\/2021-09-20-11.47.06-HDR-16x12.jpg 16w\" sizes=\"auto, (max-width: 2246px) 100vw, 2246px\" \/><\/figure>\n\n\n\n<figure class=\"wp-block-image size-full has-custom-border ext-aspect-landscape extendify-image-import\"><img loading=\"lazy\" decoding=\"async\" width=\"2560\" height=\"1920\" src=\"https:\/\/cphhelicopter.dk\/wp-content\/uploads\/2025\/03\/Aerial-Photography-Copenhagen-scaled.jpg\" alt=\"\" class=\"wp-image-212\" style=\"border-radius:1.5rem\" srcset=\"https:\/\/cphhelicopter.dk\/wp-content\/uploads\/2025\/03\/Aerial-Photography-Copenhagen-scaled.jpg 2560w, https:\/\/cphhelicopter.dk\/wp-content\/uploads\/2025\/03\/Aerial-Photography-Copenhagen-300x225.jpg 300w, https:\/\/cphhelicopter.dk\/wp-content\/uploads\/2025\/03\/Aerial-Photography-Copenhagen-1024x768.jpg 1024w, https:\/\/cphhelicopter.dk\/wp-content\/uploads\/2025\/03\/Aerial-Photography-Copenhagen-768x576.jpg 768w, https:\/\/cphhelicopter.dk\/wp-content\/uploads\/2025\/03\/Aerial-Photography-Copenhagen-1536x1152.jpg 1536w, https:\/\/cphhelicopter.dk\/wp-content\/uploads\/2025\/03\/Aerial-Photography-Copenhagen-2048x1536.jpg 2048w, https:\/\/cphhelicopter.dk\/wp-content\/uploads\/2025\/03\/Aerial-Photography-Copenhagen-16x12.jpg 16w\" sizes=\"auto, (max-width: 2560px) 100vw, 2560px\" \/><\/figure>\n\n\n\n<figure class=\"wp-block-image size-full has-custom-border ext-aspect-landscape extendify-image-import\"><img loading=\"lazy\" decoding=\"async\" width=\"1280\" height=\"960\" src=\"https:\/\/cphhelicopter.dk\/wp-content\/uploads\/2025\/03\/Aerial-Photography-Early-Morning-Copenhagen.jpg\" alt=\"\" class=\"wp-image-213\" style=\"border-radius:1.5rem\" srcset=\"https:\/\/cphhelicopter.dk\/wp-content\/uploads\/2025\/03\/Aerial-Photography-Early-Morning-Copenhagen.jpg 1280w, https:\/\/cphhelicopter.dk\/wp-content\/uploads\/2025\/03\/Aerial-Photography-Early-Morning-Copenhagen-300x225.jpg 300w, https:\/\/cphhelicopter.dk\/wp-content\/uploads\/2025\/03\/Aerial-Photography-Early-Morning-Copenhagen-1024x768.jpg 1024w, https:\/\/cphhelicopter.dk\/wp-content\/uploads\/2025\/03\/Aerial-Photography-Early-Morning-Copenhagen-768x576.jpg 768w, https:\/\/cphhelicopter.dk\/wp-content\/uploads\/2025\/03\/Aerial-Photography-Early-Morning-Copenhagen-16x12.jpg 16w\" sizes=\"auto, (max-width: 1280px) 100vw, 1280px\" \/><\/figure>\n\n\n\n<figure class=\"wp-block-image size-full has-custom-border ext-aspect-landscape extendify-image-import\"><img loading=\"lazy\" decoding=\"async\" width=\"1136\" height=\"852\" src=\"https:\/\/cphhelicopter.dk\/wp-content\/uploads\/2025\/03\/2017-09-14-12.36.48-HDR-1.jpg\" alt=\"\" class=\"wp-image-262\" style=\"border-radius:1.5rem\" srcset=\"https:\/\/cphhelicopter.dk\/wp-content\/uploads\/2025\/03\/2017-09-14-12.36.48-HDR-1.jpg 1136w, https:\/\/cphhelicopter.dk\/wp-content\/uploads\/2025\/03\/2017-09-14-12.36.48-HDR-1-300x225.jpg 300w, https:\/\/cphhelicopter.dk\/wp-content\/uploads\/2025\/03\/2017-09-14-12.36.48-HDR-1-1024x768.jpg 1024w, https:\/\/cphhelicopter.dk\/wp-content\/uploads\/2025\/03\/2017-09-14-12.36.48-HDR-1-768x576.jpg 768w, https:\/\/cphhelicopter.dk\/wp-content\/uploads\/2025\/03\/2017-09-14-12.36.48-HDR-1-16x12.jpg 16w\" sizes=\"auto, (max-width: 1136px) 100vw, 1136px\" \/><\/figure>\n<\/div>\n<\/div>\n\n\n\n<div class=\"wp-block-column is-layout-flow wp-block-column-is-layout-flow\">\n<div class=\"wp-block-group has-background-background-color has-background has-global-padding is-layout-constrained wp-container-core-group-is-layout-13e450dc wp-block-group-is-layout-constrained\" style=\"border-radius:1.5rem;padding-top:2rem;padding-right:1.5rem;padding-bottom:2rem;padding-left:1.5rem\">\n<h3 class=\"wp-block-heading has-text-align-center\" style=\"font-size:clamp(18.959px, 1.185rem + ((1vw - 3.2px) * 1.15), 30px);line-height:1.5\">Eventos<\/h3>\n\n\n\n<p class=\"has-text-align-center has-small-font-size\" style=\"margin-top:8px;margin-bottom:var(--wp--preset--spacing--30)\">Con tu Visi\u00f3n y nuestra Experiencia, Aviones y Red, creamos Experiencias \u00danicas. Tenemos gran experiencia en todo tipo de eventos, pr\u00e1cticamente solo el cielo es el l\u00edmite. <a data-type=\"link\" data-id=\"https:\/\/cphhelicopter.dk\/contact\/\" href=\"https:\/\/cphhelicopter.dk\/es\/pongase-en-contacto-con\/\">P\u00f3ngase en contacto con nosotros<\/a> con su visi\u00f3n.<\/p>\n\n\n\n<figure class=\"wp-block-image size-large has-custom-border ext-aspect-landscape extendify-image-import\"><img loading=\"lazy\" decoding=\"async\" width=\"1024\" height=\"980\" src=\"https:\/\/cphhelicopter.dk\/wp-content\/uploads\/2025\/03\/CPHpolo__36A8464-1-1024x980.jpg\" alt=\"\" class=\"wp-image-96\" style=\"border-radius:1.5rem;aspect-ratio:1;object-fit:cover\" srcset=\"https:\/\/cphhelicopter.dk\/wp-content\/uploads\/2025\/03\/CPHpolo__36A8464-1-1024x980.jpg 1024w, https:\/\/cphhelicopter.dk\/wp-content\/uploads\/2025\/03\/CPHpolo__36A8464-1-300x287.jpg 300w, https:\/\/cphhelicopter.dk\/wp-content\/uploads\/2025\/03\/CPHpolo__36A8464-1-768x735.jpg 768w, https:\/\/cphhelicopter.dk\/wp-content\/uploads\/2025\/03\/CPHpolo__36A8464-1-1536x1470.jpg 1536w, https:\/\/cphhelicopter.dk\/wp-content\/uploads\/2025\/03\/CPHpolo__36A8464-1-2048x1960.jpg 2048w\" sizes=\"auto, (max-width: 1024px) 100vw, 1024px\" \/><\/figure>\n\n\n\n<figure class=\"wp-block-image size-large has-custom-border ext-aspect-landscape extendify-image-import\"><img loading=\"lazy\" decoding=\"async\" width=\"1024\" height=\"768\" src=\"https:\/\/cphhelicopter.dk\/wp-content\/uploads\/2025\/03\/Mons-Cliff-4-1024x768.jpg\" alt=\"\" class=\"wp-image-215\" style=\"border-radius:1.5rem\" srcset=\"https:\/\/cphhelicopter.dk\/wp-content\/uploads\/2025\/03\/Mons-Cliff-4-1024x768.jpg 1024w, https:\/\/cphhelicopter.dk\/wp-content\/uploads\/2025\/03\/Mons-Cliff-4-300x225.jpg 300w, https:\/\/cphhelicopter.dk\/wp-content\/uploads\/2025\/03\/Mons-Cliff-4-768x576.jpg 768w, https:\/\/cphhelicopter.dk\/wp-content\/uploads\/2025\/03\/Mons-Cliff-4-1536x1152.jpg 1536w, https:\/\/cphhelicopter.dk\/wp-content\/uploads\/2025\/03\/Mons-Cliff-4-2048x1536.jpg 2048w, https:\/\/cphhelicopter.dk\/wp-content\/uploads\/2025\/03\/Mons-Cliff-4-16x12.jpg 16w\" sizes=\"auto, (max-width: 1024px) 100vw, 1024px\" \/><\/figure>\n\n\n\n<figure class=\"wp-block-image size-large has-custom-border ext-aspect-landscape extendify-image-import\"><img loading=\"lazy\" decoding=\"async\" width=\"1024\" height=\"768\" src=\"https:\/\/cphhelicopter.dk\/wp-content\/uploads\/2025\/03\/R44-plus-Old-Cadillac-1024x768.jpg\" alt=\"\" class=\"wp-image-216\" style=\"border-radius:1.5rem;aspect-ratio:1;object-fit:cover\" srcset=\"https:\/\/cphhelicopter.dk\/wp-content\/uploads\/2025\/03\/R44-plus-Old-Cadillac-1024x768.jpg 1024w, https:\/\/cphhelicopter.dk\/wp-content\/uploads\/2025\/03\/R44-plus-Old-Cadillac-300x225.jpg 300w, https:\/\/cphhelicopter.dk\/wp-content\/uploads\/2025\/03\/R44-plus-Old-Cadillac-768x576.jpg 768w, https:\/\/cphhelicopter.dk\/wp-content\/uploads\/2025\/03\/R44-plus-Old-Cadillac-1536x1152.jpg 1536w, https:\/\/cphhelicopter.dk\/wp-content\/uploads\/2025\/03\/R44-plus-Old-Cadillac-2048x1536.jpg 2048w, https:\/\/cphhelicopter.dk\/wp-content\/uploads\/2025\/03\/R44-plus-Old-Cadillac-16x12.jpg 16w\" sizes=\"auto, (max-width: 1024px) 100vw, 1024px\" \/><\/figure>\n\n\n\n<figure class=\"wp-block-image size-full has-custom-border ext-aspect-landscape extendify-image-import\"><img loading=\"lazy\" decoding=\"async\" width=\"800\" height=\"600\" src=\"https:\/\/cphhelicopter.dk\/wp-content\/uploads\/2025\/03\/copenhagen-20.jpg\" alt=\"\" class=\"wp-image-217\" style=\"border-radius:1.5rem;aspect-ratio:1;object-fit:cover\" srcset=\"https:\/\/cphhelicopter.dk\/wp-content\/uploads\/2025\/03\/copenhagen-20.jpg 800w, https:\/\/cphhelicopter.dk\/wp-content\/uploads\/2025\/03\/copenhagen-20-300x225.jpg 300w, https:\/\/cphhelicopter.dk\/wp-content\/uploads\/2025\/03\/copenhagen-20-768x576.jpg 768w, https:\/\/cphhelicopter.dk\/wp-content\/uploads\/2025\/03\/copenhagen-20-16x12.jpg 16w\" sizes=\"auto, (max-width: 800px) 100vw, 800px\" \/><\/figure>\n\n\n\n<figure class=\"wp-block-image size-full has-custom-border ext-aspect-landscape extendify-image-import\"><img loading=\"lazy\" decoding=\"async\" width=\"2560\" height=\"1920\" src=\"https:\/\/cphhelicopter.dk\/wp-content\/uploads\/2025\/03\/2021-09-11-18.03.14-1-scaled.jpg\" alt=\"\" class=\"wp-image-218\" style=\"border-radius:1.5rem\" srcset=\"https:\/\/cphhelicopter.dk\/wp-content\/uploads\/2025\/03\/2021-09-11-18.03.14-1-scaled.jpg 2560w, https:\/\/cphhelicopter.dk\/wp-content\/uploads\/2025\/03\/2021-09-11-18.03.14-1-300x225.jpg 300w, https:\/\/cphhelicopter.dk\/wp-content\/uploads\/2025\/03\/2021-09-11-18.03.14-1-1024x768.jpg 1024w, https:\/\/cphhelicopter.dk\/wp-content\/uploads\/2025\/03\/2021-09-11-18.03.14-1-768x576.jpg 768w, https:\/\/cphhelicopter.dk\/wp-content\/uploads\/2025\/03\/2021-09-11-18.03.14-1-1536x1152.jpg 1536w, https:\/\/cphhelicopter.dk\/wp-content\/uploads\/2025\/03\/2021-09-11-18.03.14-1-2048x1536.jpg 2048w, https:\/\/cphhelicopter.dk\/wp-content\/uploads\/2025\/03\/2021-09-11-18.03.14-1-16x12.jpg 16w\" sizes=\"auto, (max-width: 2560px) 100vw, 2560px\" \/><\/figure>\n<\/div>\n<\/div>\n<\/div>\n\n\n\n<p class=\"has-text-align-center\">Cada vuelo se organiza bajo demanda en funci\u00f3n del proyecto y la ubicaci\u00f3n espec\u00edficos.<\/p>\n\n\n\n<div class=\"wp-block-buttons is-content-justification-center is-layout-flex wp-container-core-buttons-is-layout-a89b3969 wp-block-buttons-is-layout-flex\">\n<div class=\"wp-block-button\"><a class=\"wp-block-button__link wp-element-button\" href=\"https:\/\/cphhelicopter.dk\/es\/pongase-en-contacto-con\/\">Solicitar disponibilidad<\/a><\/div>\n<\/div>\n<\/div>","protected":false},"excerpt":{"rendered":"<p>How to Book Special Helicopter and Aircraft Flights from Copenhagen Helicopter &amp; Aircraft Flights for Special Projects In addition to sightseeing and on-demand charter, we offer helicopter and aircraft flights for filming, photography and other specialised projects. These flights may include aerial photography, film work, custom routing or other operational needs depending on the project. [&hellip;]<\/p>\n","protected":false},"author":1,"featured_media":0,"parent":0,"menu_order":0,"comment_status":"closed","ping_status":"closed","template":"no-title","meta":{"om_disable_all_campaigns":false,"_monsterinsights_skip_tracking":false,"_monsterinsights_sitenote_active":false,"_monsterinsights_sitenote_note":"","_monsterinsights_sitenote_category":0,"footnotes":""},"class_list":["post-36","page","type-page","status-publish","hentry"],"aioseo_notices":[],"_links":{"self":[{"href":"https:\/\/cphhelicopter.dk\/es\/wp-json\/wp\/v2\/pages\/36","targetHints":{"allow":["GET"]}}],"collection":[{"href":"https:\/\/cphhelicopter.dk\/es\/wp-json\/wp\/v2\/pages"}],"about":[{"href":"https:\/\/cphhelicopter.dk\/es\/wp-json\/wp\/v2\/types\/page"}],"author":[{"embeddable":true,"href":"https:\/\/cphhelicopter.dk\/es\/wp-json\/wp\/v2\/users\/1"}],"replies":[{"embeddable":true,"href":"https:\/\/cphhelicopter.dk\/es\/wp-json\/wp\/v2\/comments?post=36"}],"version-history":[{"count":31,"href":"https:\/\/cphhelicopter.dk\/es\/wp-json\/wp\/v2\/pages\/36\/revisions"}],"predecessor-version":[{"id":887,"href":"https:\/\/cphhelicopter.dk\/es\/wp-json\/wp\/v2\/pages\/36\/revisions\/887"}],"wp:attachment":[{"href":"https:\/\/cphhelicopter.dk\/es\/wp-json\/wp\/v2\/media?parent=36"}],"curies":[{"name":"wp","href":"https:\/\/api.w.org\/{rel}","templated":true}]}}