{"id":840,"date":"2026-04-26T12:18:50","date_gmt":"2026-04-26T11:18:50","guid":{"rendered":"https:\/\/cphhelicopter.dk\/?page_id=840"},"modified":"2026-04-26T22:21:08","modified_gmt":"2026-04-26T21:21:08","slug":"como-llegar-al-aeropuerto-de-copenhague-de-roskilde","status":"publish","type":"page","link":"https:\/\/cphhelicopter.dk\/es\/how-to-get-to-copenhagen-airport-roskilde\/","title":{"rendered":"C\u00f3mo llegar al aeropuerto de Copenhague, Roskilde"},"content":{"rendered":"<div class=\"wp-block-group alignfull is-style-ext-preset--group--natural-1--section has-background-background-color has-background has-global-padding is-layout-constrained wp-container-core-group-is-layout-e955bbaf wp-block-group-is-layout-constrained\" style=\"margin-top:0;margin-bottom:0;padding-top:var(--wp--preset--spacing--70);padding-bottom:var(--wp--preset--spacing--70)\">\n<div class=\"wp-block-group alignwide ext-is-logical-start has-global-padding is-content-justification-left is-layout-constrained wp-container-core-group-is-layout-6729bdbe wp-block-group-is-layout-constrained\">\n<h2 class=\"wp-block-heading alignwide ext-animate--on\">C\u00f3mo llegar al aeropuerto de Copenhague, Roskilde<\/h2>\n<\/div>\n<\/div>\n\n\n\n<div class=\"wp-block-media-text is-stacked-on-mobile\" style=\"border-top-left-radius:1.5rem;border-top-right-radius:1.5rem;border-bottom-left-radius:1.5rem;border-bottom-right-radius:1.5rem;padding-top:0;padding-right:0;padding-bottom:0;padding-left:0\"><figure class=\"wp-block-media-text__media\"><img loading=\"lazy\" decoding=\"async\" width=\"1024\" height=\"683\" src=\"https:\/\/cphhelicopter.dk\/wp-content\/uploads\/2026\/04\/EKRK-airside-presse-billede-1024x683.jpg\" alt=\"Avi\u00f3n privado blanco peque\u00f1o aparcado en la pista junto a una terminal de aeropuerto moderna bajo un cielo azul claro, con una torre de control circular a la derecha.\" class=\"wp-image-853 size-full\" srcset=\"https:\/\/cphhelicopter.dk\/wp-content\/uploads\/2026\/04\/EKRK-airside-presse-billede-1024x683.jpg 1024w, https:\/\/cphhelicopter.dk\/wp-content\/uploads\/2026\/04\/EKRK-airside-presse-billede-300x200.jpg 300w, https:\/\/cphhelicopter.dk\/wp-content\/uploads\/2026\/04\/EKRK-airside-presse-billede-768x512.jpg 768w, https:\/\/cphhelicopter.dk\/wp-content\/uploads\/2026\/04\/EKRK-airside-presse-billede-18x12.jpg 18w, https:\/\/cphhelicopter.dk\/wp-content\/uploads\/2026\/04\/EKRK-airside-presse-billede.jpg 1200w\" sizes=\"auto, (max-width: 1024px) 100vw, 1024px\" \/><\/figure><div class=\"wp-block-media-text__content\">\n<p>Encuentre informaci\u00f3n detallada sobre c\u00f3mo ir del centro de Copenhague al Aeropuerto de Copenhague, Roskilde, incluidos los costes estimados, los n\u00fameros de tel\u00e9fono y los enlaces de reserva.<\/p>\n<\/div><\/div>\n\n\n\n<div class=\"wp-block-group alignfull is-style-ext-preset--group--natural-1--section has-background-background-color has-background has-global-padding is-layout-constrained wp-container-core-group-is-layout-e955bbaf wp-block-group-is-layout-constrained\" style=\"margin-top:0;margin-bottom:0;padding-top:var(--wp--preset--spacing--70);padding-bottom:var(--wp--preset--spacing--70)\">\n<div class=\"wp-block-columns alignwide is-layout-flex wp-container-core-columns-is-layout-08c01c1c wp-block-columns-is-layout-flex\">\n<div class=\"wp-block-column is-vertically-aligned-stretch ext-animate--on is-layout-flow wp-block-column-is-layout-flow\">\n<div class=\"wp-block-group is-style-ext-preset--group--natural-1--item-card-1--align-start has-tertiary-background-color has-background has-global-padding is-layout-constrained wp-container-core-group-is-layout-639b5052 wp-block-group-is-layout-constrained is-style-ext-preset--group--natural-1--item-card-1--align-start--3\" style=\"min-height:100%;padding-top:0;padding-right:0;padding-bottom:0;padding-left:0\">\n<div class=\"wp-block-group is-style-default has-global-padding is-layout-constrained wp-container-core-group-is-layout-f90d3be4 wp-block-group-is-layout-constrained\" style=\"padding-top:var(--wp--preset--spacing--40);padding-right:var(--wp--preset--spacing--30);padding-bottom:var(--wp--preset--spacing--40);padding-left:var(--wp--preset--spacing--30)\">\n<figure class=\"wp-block-image size-large has-custom-border\"><img loading=\"lazy\" decoding=\"async\" width=\"1024\" height=\"683\" src=\"https:\/\/cphhelicopter.dk\/wp-content\/uploads\/2026\/04\/df911b90-bec4-431f-a2e4-18f9d3074e8c-1024x683.jpg\" alt=\"\" class=\"wp-image-841\" style=\"border-top-left-radius:1.5rem;border-top-right-radius:1.5rem;border-bottom-left-radius:1.5rem;border-bottom-right-radius:1.5rem\" srcset=\"https:\/\/cphhelicopter.dk\/wp-content\/uploads\/2026\/04\/df911b90-bec4-431f-a2e4-18f9d3074e8c-1024x683.jpg 1024w, https:\/\/cphhelicopter.dk\/wp-content\/uploads\/2026\/04\/df911b90-bec4-431f-a2e4-18f9d3074e8c-300x200.jpg 300w, https:\/\/cphhelicopter.dk\/wp-content\/uploads\/2026\/04\/df911b90-bec4-431f-a2e4-18f9d3074e8c-768x512.jpg 768w, https:\/\/cphhelicopter.dk\/wp-content\/uploads\/2026\/04\/df911b90-bec4-431f-a2e4-18f9d3074e8c-18x12.jpg 18w, https:\/\/cphhelicopter.dk\/wp-content\/uploads\/2026\/04\/df911b90-bec4-431f-a2e4-18f9d3074e8c.jpg 1200w\" sizes=\"auto, (max-width: 1024px) 100vw, 1024px\" \/><\/figure>\n\n\n\n<h3 class=\"wp-block-heading\" style=\"font-size:clamp(14px, 0.875rem + ((1vw - 3.2px) * 0.625), 20px);\">Servicios de taxi<\/h3>\n\n\n\n<p>La opci\u00f3n f\u00e1cil y m\u00e1s r\u00e1pida, servicio puerta a puerta.<\/p>\n\n\n\n<hr class=\"wp-block-separator has-text-color has-foreground-alt-color has-alpha-channel-opacity has-foreground-alt-background-color has-background is-style-wide\" style=\"margin-top:var(--wp--preset--spacing--30);margin-bottom:var(--wp--preset--spacing--30)\"\/>\n\n\n\n<div class=\"wp-block-group is-vertical is-content-justification-left is-nowrap is-layout-flex wp-container-core-group-is-layout-680c50ee wp-block-group-is-layout-flex\" style=\"padding-top:0;padding-right:0;padding-bottom:0;padding-left:0\">\n<div class=\"wp-block-group is-nowrap is-layout-flex wp-container-core-group-is-layout-c4295e5f wp-block-group-is-layout-flex\" style=\"padding-top:0;padding-right:0;padding-bottom:0;padding-left:0\">\n<ul class=\"wp-block-list\">\n<li>Precio aproximado DKK 2.100 viaje de ida y vuelta<\/li>\n\n\n\n<li>Disponibilidad 24\/7<\/li>\n\n\n\n<li>Tiempo de viaje de 35 a 45 minutos por trayecto<\/li>\n\n\n\n<li>Empresas:\n<ul class=\"wp-block-list\">\n<li><a href=\"Dantaxa: +45 48484848\">Dantaxa: +45 48484848<\/a><\/li>\n\n\n\n<li><a href=\"https:\/\/taxa.dk\/en\/\" target=\"_blank\" rel=\"noopener\" title=\"\">4\u00d735: +45 35353535<\/a><\/li>\n<\/ul>\n<\/li>\n<\/ul>\n<\/div>\n<\/div>\n<\/div>\n\n\n\n<div class=\"wp-block-group is-style-default has-global-padding is-layout-constrained wp-container-core-group-is-layout-f90d3be4 wp-block-group-is-layout-constrained\" style=\"padding-top:var(--wp--preset--spacing--40);padding-right:var(--wp--preset--spacing--30);padding-bottom:var(--wp--preset--spacing--40);padding-left:var(--wp--preset--spacing--30)\">\n<figure class=\"wp-block-image size-large has-custom-border\"><img loading=\"lazy\" decoding=\"async\" width=\"1024\" height=\"683\" src=\"https:\/\/cphhelicopter.dk\/wp-content\/uploads\/2026\/04\/vectron-passager-udveksling-1024x683.jpg\" alt=\"\" class=\"wp-image-843\" style=\"border-top-left-radius:1.5rem;border-top-right-radius:1.5rem;border-bottom-left-radius:1.5rem;border-bottom-right-radius:1.5rem\" srcset=\"https:\/\/cphhelicopter.dk\/wp-content\/uploads\/2026\/04\/vectron-passager-udveksling-1024x683.jpg 1024w, https:\/\/cphhelicopter.dk\/wp-content\/uploads\/2026\/04\/vectron-passager-udveksling-300x200.jpg 300w, https:\/\/cphhelicopter.dk\/wp-content\/uploads\/2026\/04\/vectron-passager-udveksling-768x512.jpg 768w, https:\/\/cphhelicopter.dk\/wp-content\/uploads\/2026\/04\/vectron-passager-udveksling-18x12.jpg 18w, https:\/\/cphhelicopter.dk\/wp-content\/uploads\/2026\/04\/vectron-passager-udveksling.jpg 1200w\" sizes=\"auto, (max-width: 1024px) 100vw, 1024px\" \/><\/figure>\n\n\n\n<h3 class=\"wp-block-heading\" style=\"font-size:clamp(14px, 0.875rem + ((1vw - 3.2px) * 0.625), 20px);\">Tren + Servicio de taxi local<\/h3>\n\n\n\n<p>Tren de Copenhague a la estaci\u00f3n central de Roskilde, y taxi local al aeropuerto.<\/p>\n\n\n\n<hr class=\"wp-block-separator has-text-color has-foreground-alt-color has-alpha-channel-opacity has-foreground-alt-background-color has-background is-style-wide\" style=\"margin-top:var(--wp--preset--spacing--30);margin-bottom:var(--wp--preset--spacing--30)\"\/>\n\n\n\n<div class=\"wp-block-group is-vertical is-content-justification-left is-nowrap is-layout-flex wp-container-core-group-is-layout-680c50ee wp-block-group-is-layout-flex\" style=\"padding-top:0;padding-right:0;padding-bottom:0;padding-left:0\">\n<div class=\"wp-block-group is-nowrap is-layout-flex wp-container-core-group-is-layout-c4295e5f wp-block-group-is-layout-flex\" style=\"padding-top:0;padding-right:0;padding-bottom:0;padding-left:0\">\n<ul class=\"wp-block-list\">\n<li>Precio aprox. DKK 600 trayecto de ida y vuelta<\/li>\n\n\n\n<li>Disponibilidad 24\/7<\/li>\n\n\n\n<li>Tiempo de viaje: aprox. 1:15 por trayecto<\/li>\n\n\n\n<li>Empresas:\n<ul class=\"wp-block-list\">\n<li><a href=\"Dantaxa: +45 48484848\">Dantaxa: +45 48484848<\/a><\/li>\n\n\n\n<li><a href=\"https:\/\/taxa.dk\/en\/\" target=\"_blank\" rel=\"noopener\" title=\"\">4\u00d735: +45 35353535<\/a><\/li>\n<\/ul>\n<\/li>\n\n\n\n<li>Enlace del billete de tren\n<ul class=\"wp-block-list\">\n<li><a href=\"https:\/\/www.dsb.dk\/en\/\" target=\"_blank\" rel=\"noopener\" title=\"\">DSB, se abre en una pesta\u00f1a nueva<\/a><\/li>\n<\/ul>\n<\/li>\n<\/ul>\n<\/div>\n<\/div>\n<\/div>\n<\/div>\n<\/div>\n\n\n\n<div class=\"wp-block-column is-vertically-aligned-stretch ext-animate--on is-layout-flow wp-block-column-is-layout-flow\">\n<div class=\"wp-block-group is-style-ext-preset--group--natural-1--item-card-1--align-start has-tertiary-background-color has-background has-global-padding is-layout-constrained wp-container-core-group-is-layout-639b5052 wp-block-group-is-layout-constrained is-style-ext-preset--group--natural-1--item-card-1--align-start--4\" style=\"min-height:100%;padding-top:0;padding-right:0;padding-bottom:0;padding-left:0\">\n<div class=\"wp-block-group is-style-default has-global-padding is-layout-constrained wp-container-core-group-is-layout-f90d3be4 wp-block-group-is-layout-constrained\" style=\"padding-top:var(--wp--preset--spacing--40);padding-right:var(--wp--preset--spacing--30);padding-bottom:var(--wp--preset--spacing--40);padding-left:var(--wp--preset--spacing--30)\">\n<figure class=\"wp-block-image size-large has-custom-border\"><img loading=\"lazy\" decoding=\"async\" width=\"1024\" height=\"683\" src=\"https:\/\/cphhelicopter.dk\/wp-content\/uploads\/2026\/04\/Nightingale_GreenMobility_Antwerp_HR20-copy-2-1024x683.jpg\" alt=\"\" class=\"wp-image-844\" style=\"border-top-left-radius:1.5rem;border-top-right-radius:1.5rem;border-bottom-left-radius:1.5rem;border-bottom-right-radius:1.5rem\" srcset=\"https:\/\/cphhelicopter.dk\/wp-content\/uploads\/2026\/04\/Nightingale_GreenMobility_Antwerp_HR20-copy-2-1024x683.jpg 1024w, https:\/\/cphhelicopter.dk\/wp-content\/uploads\/2026\/04\/Nightingale_GreenMobility_Antwerp_HR20-copy-2-300x200.jpg 300w, https:\/\/cphhelicopter.dk\/wp-content\/uploads\/2026\/04\/Nightingale_GreenMobility_Antwerp_HR20-copy-2-768x512.jpg 768w, https:\/\/cphhelicopter.dk\/wp-content\/uploads\/2026\/04\/Nightingale_GreenMobility_Antwerp_HR20-copy-2-18x12.jpg 18w, https:\/\/cphhelicopter.dk\/wp-content\/uploads\/2026\/04\/Nightingale_GreenMobility_Antwerp_HR20-copy-2.jpg 1200w\" sizes=\"auto, (max-width: 1024px) 100vw, 1024px\" \/><\/figure>\n\n\n\n<h3 class=\"wp-block-heading\" style=\"font-size:clamp(14px, 0.875rem + ((1vw - 3.2px) * 0.625), 20px);\">Movilidad Verde Alquiler de Coches El\u00e9ctricos en la Calle<\/h3>\n\n\n\n<p>Alquiler de coches el\u00e9ctricos basado en una aplicaci\u00f3n con f\u00e1cil acceso y asequible, ya sea por minuto, por hora o por d\u00eda, a su elecci\u00f3n, con servicio de puerta a puerta.<\/p>\n\n\n\n<hr class=\"wp-block-separator has-text-color has-foreground-alt-color has-alpha-channel-opacity has-foreground-alt-background-color has-background is-style-wide\" style=\"margin-top:var(--wp--preset--spacing--30);margin-bottom:var(--wp--preset--spacing--30)\"\/>\n\n\n\n<div class=\"wp-block-group is-vertical is-content-justification-left is-nowrap is-layout-flex wp-container-core-group-is-layout-680c50ee wp-block-group-is-layout-flex\" style=\"padding-top:0;padding-right:0;padding-bottom:0;padding-left:0\">\n<div class=\"wp-block-group is-nowrap is-layout-flex wp-container-core-group-is-layout-c4295e5f wp-block-group-is-layout-flex\" style=\"padding-top:0;padding-right:0;padding-bottom:0;padding-left:0\">\n<ul class=\"wp-block-list\">\n<li>Precio aprox. 360 DKK por 5 horas de alquiler y 150 kil\u00f3metros gratuitos.\n<ul class=\"wp-block-list\">\n<li><a href=\"https:\/\/maps.app.goo.gl\/4g85iSJdxU4eUdJ96\" target=\"_blank\" rel=\"noopener\" title=\"\">Hay aproximadamente 40-50 km. de Copenhague en cada direcci\u00f3n<\/a><\/li>\n\n\n\n<li>Disfruta de la libertad con el coche el\u00e9ctrico y explora Dinamarca fuera de Copenhague, por ejemplo el <a href=\"https:\/\/www.vikingeskibsmuseet.dk\/en\/\" target=\"_blank\" rel=\"noopener\" title=\"\">Museo Vikingo<\/a> en la ciudad de Roskilde, los castillos al norte (<a href=\"https:\/\/frederiksborg.dk\/en\/frederiksborg-castle\/\" target=\"_blank\" rel=\"noopener\" title=\"\">Frederiksborg<\/a> y <a href=\"https:\/\/kronborg.dk\/en\" target=\"_blank\" rel=\"noopener\" title=\"\">Kronborg<\/a>)<\/li>\n\n\n\n<li>Puedes comprar un paquete con m\u00e1s kil\u00f3metros<\/li>\n<\/ul>\n<\/li>\n\n\n\n<li>Diferentes mejoras posibles para menor responsabilidad, coche el\u00e9ctrico m\u00e1s grande, pedido anticipado y entrega cerca o en su direcci\u00f3n, etc.\n<ul class=\"wp-block-list\">\n<li>Simplemente dejas el coche dentro de la zona del centro de Copenhague despu\u00e9s de usarlo.<\/li>\n<\/ul>\n<\/li>\n\n\n\n<li>Disponibilidad 24\/7<\/li>\n\n\n\n<li>Tiempo de viaje: aproximado. 35-45 minutos cada trayecto<\/li>\n\n\n\n<li>Empresa <a href=\"https:\/\/www.greenmobility.com\/dk\/en\/\" target=\"_blank\" rel=\"noopener\" title=\"\">Movilidad Verde<\/a>\n<ul class=\"wp-block-list\">\n<li>Soporte en l\u00ednea 24\/7 para ayudarte a crear tu perfil, etc.<\/li>\n\n\n\n<li><a href=\"https:\/\/greenmobility.elevio.help\/en\/articles\/283-who-can-use-greenmobility\" target=\"_blank\" rel=\"noopener\" title=\"\">Green Mobility acepta todas las licencias de conducir internacionales<\/a>.<\/li>\n<\/ul>\n<\/li>\n<\/ul>\n<\/div>\n<\/div>\n<\/div>\n\n\n\n<div class=\"wp-block-group is-style-default has-global-padding is-layout-constrained wp-container-core-group-is-layout-f90d3be4 wp-block-group-is-layout-constrained\" style=\"padding-top:var(--wp--preset--spacing--40);padding-right:var(--wp--preset--spacing--30);padding-bottom:var(--wp--preset--spacing--40);padding-left:var(--wp--preset--spacing--30)\">\n<figure class=\"wp-block-image size-large has-custom-border\"><img loading=\"lazy\" decoding=\"async\" width=\"1024\" height=\"683\" src=\"https:\/\/cphhelicopter.dk\/wp-content\/uploads\/2026\/04\/s-tog-interior-cykelvogn-med-mennesker-2-1024x683.jpg\" alt=\"\" class=\"wp-image-842\" style=\"border-top-left-radius:1.5rem;border-top-right-radius:1.5rem;border-bottom-left-radius:1.5rem;border-bottom-right-radius:1.5rem\" srcset=\"https:\/\/cphhelicopter.dk\/wp-content\/uploads\/2026\/04\/s-tog-interior-cykelvogn-med-mennesker-2-1024x683.jpg 1024w, https:\/\/cphhelicopter.dk\/wp-content\/uploads\/2026\/04\/s-tog-interior-cykelvogn-med-mennesker-2-300x200.jpg 300w, https:\/\/cphhelicopter.dk\/wp-content\/uploads\/2026\/04\/s-tog-interior-cykelvogn-med-mennesker-2-768x512.jpg 768w, https:\/\/cphhelicopter.dk\/wp-content\/uploads\/2026\/04\/s-tog-interior-cykelvogn-med-mennesker-2-18x12.jpg 18w, https:\/\/cphhelicopter.dk\/wp-content\/uploads\/2026\/04\/s-tog-interior-cykelvogn-med-mennesker-2.jpg 1200w\" sizes=\"auto, (max-width: 1024px) 100vw, 1024px\" \/><\/figure>\n\n\n\n<h3 class=\"wp-block-heading\" style=\"font-size:clamp(14px, 0.875rem + ((1vw - 3.2px) * 0.625), 20px);\">Tren + Bicicleta<\/h3>\n\n\n\n<p>Tren de Copenhague a la estaci\u00f3n central de Roskilde, desde all\u00ed en bicicleta hasta el aeropuerto.<\/p>\n\n\n\n<hr class=\"wp-block-separator has-text-color has-foreground-alt-color has-alpha-channel-opacity has-foreground-alt-background-color has-background is-style-wide\" style=\"margin-top:var(--wp--preset--spacing--30);margin-bottom:var(--wp--preset--spacing--30)\"\/>\n\n\n\n<div class=\"wp-block-group is-vertical is-content-justification-left is-nowrap is-layout-flex wp-container-core-group-is-layout-680c50ee wp-block-group-is-layout-flex\" style=\"padding-top:0;padding-right:0;padding-bottom:0;padding-left:0\">\n<div class=\"wp-block-group is-nowrap is-layout-flex wp-container-core-group-is-layout-c4295e5f wp-block-group-is-layout-flex\" style=\"padding-top:0;padding-right:0;padding-bottom:0;padding-left:0\">\n<ul class=\"wp-block-list\">\n<li>Precio aprox. 150 DKK viaje de ida y vuelta<\/li>\n\n\n\n<li>Disponibilidad 24\/7<\/li>\n\n\n\n<li>Tiempo de viaje: aprox. 1:25 por trayecto<\/li>\n\n\n\n<li>Enlace del billete de tren\n<ul class=\"wp-block-list\">\n<li><a href=\"https:\/\/www.dsb.dk\/en\/\" target=\"_blank\" rel=\"noopener\" title=\"\">DSB, se abre en una pesta\u00f1a nueva<\/a><\/li>\n\n\n\n<li>Recuerda reservar el segundo billete para tu bicicleta<\/li>\n<\/ul>\n<\/li>\n\n\n\n<li><a href=\"https:\/\/maps.app.goo.gl\/88MaWiLRDwZ7rfRx6\" target=\"_blank\" rel=\"noopener\" title=\"\">Google Maps para viaje en bicicleta, se abre en una nueva pesta\u00f1a<\/a><\/li>\n<\/ul>\n<\/div>\n<\/div>\n<\/div>\n<\/div>\n<\/div>\n<\/div>\n<\/div>","protected":false},"excerpt":{"rendered":"<p>How to get to Copenhagen Airport, Roskilde Find detailed ways to get from Copenhagen city center to Copenhagen Airport, Roskilde, including estimated costs, phone numbers and booking links. Taxi Services The easy and fastest choice, door to door service. Train + Local Taxi Service Train from Copenhagen to Roskilde Central Station, and local taxi to [&hellip;]<\/p>\n","protected":false},"author":1,"featured_media":0,"parent":0,"menu_order":0,"comment_status":"closed","ping_status":"closed","template":"page-with-title","meta":{"om_disable_all_campaigns":false,"_monsterinsights_skip_tracking":false,"_monsterinsights_sitenote_active":false,"_monsterinsights_sitenote_note":"","_monsterinsights_sitenote_category":0,"footnotes":""},"class_list":["post-840","page","type-page","status-publish","hentry"],"aioseo_notices":[],"_links":{"self":[{"href":"https:\/\/cphhelicopter.dk\/es\/wp-json\/wp\/v2\/pages\/840","targetHints":{"allow":["GET"]}}],"collection":[{"href":"https:\/\/cphhelicopter.dk\/es\/wp-json\/wp\/v2\/pages"}],"about":[{"href":"https:\/\/cphhelicopter.dk\/es\/wp-json\/wp\/v2\/types\/page"}],"author":[{"embeddable":true,"href":"https:\/\/cphhelicopter.dk\/es\/wp-json\/wp\/v2\/users\/1"}],"replies":[{"embeddable":true,"href":"https:\/\/cphhelicopter.dk\/es\/wp-json\/wp\/v2\/comments?post=840"}],"version-history":[{"count":12,"href":"https:\/\/cphhelicopter.dk\/es\/wp-json\/wp\/v2\/pages\/840\/revisions"}],"predecessor-version":[{"id":900,"href":"https:\/\/cphhelicopter.dk\/es\/wp-json\/wp\/v2\/pages\/840\/revisions\/900"}],"wp:attachment":[{"href":"https:\/\/cphhelicopter.dk\/es\/wp-json\/wp\/v2\/media?parent=840"}],"curies":[{"name":"wp","href":"https:\/\/api.w.org\/{rel}","templated":true}]}}