{"id":753,"date":"2026-04-20T01:27:09","date_gmt":"2026-04-20T00:27:09","guid":{"rendered":"https:\/\/cphhelicopter.dk\/?page_id=753"},"modified":"2026-04-21T14:40:27","modified_gmt":"2026-04-21T13:40:27","slug":"comment-reserver-des-vols-dhelicoptere-touristiques-depuis-laeroport-de-copenhague-roskilde","status":"publish","type":"page","link":"https:\/\/cphhelicopter.dk\/fr\/how-to-book-helicopter-sightseeing-from-copenhagen-airport-roskilde\/","title":{"rendered":"Comment r\u00e9server un tour en h\u00e9licopt\u00e8re depuis l'a\u00e9roport de Copenhague, Roskilde"},"content":{"rendered":"<div class=\"wp-block-group alignfull has-foreground-background-color has-background has-global-padding is-layout-constrained wp-block-group-is-layout-constrained\" style=\"margin-top:0;margin-bottom:0;padding-top:0;padding-bottom:0\">\n<div class=\"wp-block-group alignwide has-global-padding is-layout-constrained wp-block-group-is-layout-constrained\" style=\"padding-top:var(--wp--preset--spacing--30);padding-bottom:var(--wp--preset--spacing--30)\">\n<h1 class=\"wp-block-heading alignwide has-background-color has-text-color\" style=\"font-size:clamp(0.875rem, 0.875rem + ((1vw - 0.2rem) * 0.625), 1.25rem);\">Comment r\u00e9server un tour en h\u00e9licopt\u00e8re depuis l'a\u00e9roport de Copenhague, Roskilde<\/h1>\n<\/div>\n<\/div>\n\n\n\n<div class=\"wp-block-columns alignwide are-vertically-aligned-center is-layout-flex wp-container-core-columns-is-layout-174606dc wp-block-columns-is-layout-flex\">\n<div class=\"wp-block-column is-vertically-aligned-center is-layout-flow wp-block-column-is-layout-flow\">\n<p class=\"ext-animate--on\" style=\"margin-top:1.5rem\">R\u00e9servez un vol panoramique en h\u00e9licopt\u00e8re depuis l'a\u00e9roport de Copenhague, Roskilde, pr\u00e8s de Copenhague.<br>Choisissez entre des vols de 12, 28, 45 ou 60 minutes \u2013 par si\u00e8ge ou en h\u00e9licopt\u00e8re priv\u00e9 selon disponibilit\u00e9.<br>Voir toutes les dates disponibles et r\u00e9server directement dans notre syst\u00e8me de r\u00e9servation.<\/p>\n\n\n\n<div class=\"wp-block-buttons ext-animate--on is-layout-flex wp-block-buttons-is-layout-flex\">\n<div class=\"wp-block-button is-style-ext-preset--button--natural-1--button-1 is-style-ext-preset--button--natural-1--button-1--1\"><a class=\"wp-block-button__link wp-element-button\" href=\"https:\/\/copenhagenhelicopteraps.rezdy.com\/index?preview=1&amp;lang=en\" target=\"_blank\" rel=\"noreferrer noopener\"><strong>R\u00c9SERVER ICI<\/strong> <em>(s'ouvre dans un nouvel onglet)<\/em><\/a><\/div>\n<\/div>\n<\/div>\n\n\n\n<div class=\"wp-block-column is-layout-flow wp-block-column-is-layout-flow\">\n<figure class=\"wp-block-gallery has-nested-images columns-default is-cropped wp-block-gallery-2 is-layout-flex wp-block-gallery-is-layout-flex\">\n<figure class=\"wp-block-image size-large\"><img loading=\"lazy\" decoding=\"async\" width=\"707\" height=\"1024\" data-id=\"85\" src=\"https:\/\/cphhelicopter.dk\/wp-content\/uploads\/2025\/03\/Stock-photo-R44-707x1024.jpg\" alt=\"\" class=\"wp-image-85\" srcset=\"https:\/\/cphhelicopter.dk\/wp-content\/uploads\/2025\/03\/Stock-photo-R44-707x1024.jpg 707w, https:\/\/cphhelicopter.dk\/wp-content\/uploads\/2025\/03\/Stock-photo-R44-207x300.jpg 207w, https:\/\/cphhelicopter.dk\/wp-content\/uploads\/2025\/03\/Stock-photo-R44-768x1113.jpg 768w, https:\/\/cphhelicopter.dk\/wp-content\/uploads\/2025\/03\/Stock-photo-R44-1060x1536.jpg 1060w, https:\/\/cphhelicopter.dk\/wp-content\/uploads\/2025\/03\/Stock-photo-R44.jpg 1200w\" sizes=\"auto, (max-width: 707px) 100vw, 707px\" \/><\/figure>\n\n\n\n<figure class=\"wp-block-image size-large\"><img loading=\"lazy\" decoding=\"async\" width=\"1024\" height=\"678\" data-id=\"740\" src=\"https:\/\/cphhelicopter.dk\/wp-content\/uploads\/2026\/04\/foto-9-1024x678.jpg\" alt=\"Vue depuis le cockpit d&#039;un h\u00e9licopt\u00e8re sur des champs agricoles en patchwork et de petites villes sous un ciel nuageux, la main du pilote sur les commandes \u00e0 proximit\u00e9.\" class=\"wp-image-740\" srcset=\"https:\/\/cphhelicopter.dk\/wp-content\/uploads\/2026\/04\/foto-9-1024x678.jpg 1024w, https:\/\/cphhelicopter.dk\/wp-content\/uploads\/2026\/04\/foto-9-300x199.jpg 300w, https:\/\/cphhelicopter.dk\/wp-content\/uploads\/2026\/04\/foto-9-768x509.jpg 768w, https:\/\/cphhelicopter.dk\/wp-content\/uploads\/2026\/04\/foto-9-1536x1017.jpg 1536w, https:\/\/cphhelicopter.dk\/wp-content\/uploads\/2026\/04\/foto-9-2048x1356.jpg 2048w, https:\/\/cphhelicopter.dk\/wp-content\/uploads\/2026\/04\/foto-9-18x12.jpg 18w\" sizes=\"auto, (max-width: 1024px) 100vw, 1024px\" \/><\/figure>\n\n\n\n<figure class=\"wp-block-image size-large\"><img loading=\"lazy\" decoding=\"async\" width=\"768\" height=\"1024\" data-id=\"489\" src=\"https:\/\/cphhelicopter.dk\/wp-content\/uploads\/2025\/05\/20220401_175138-768x1024.jpg\" alt=\"\" class=\"wp-image-489\" srcset=\"https:\/\/cphhelicopter.dk\/wp-content\/uploads\/2025\/05\/20220401_175138-768x1024.jpg 768w, https:\/\/cphhelicopter.dk\/wp-content\/uploads\/2025\/05\/20220401_175138-225x300.jpg 225w, https:\/\/cphhelicopter.dk\/wp-content\/uploads\/2025\/05\/20220401_175138-1152x1536.jpg 1152w, https:\/\/cphhelicopter.dk\/wp-content\/uploads\/2025\/05\/20220401_175138-1536x2048.jpg 1536w, https:\/\/cphhelicopter.dk\/wp-content\/uploads\/2025\/05\/20220401_175138-9x12.jpg 9w, https:\/\/cphhelicopter.dk\/wp-content\/uploads\/2025\/05\/20220401_175138-scaled.jpg 1920w\" sizes=\"auto, (max-width: 768px) 100vw, 768px\" \/><\/figure>\n<\/figure>\n<\/div>\n<\/div>\n\n\n\n<div class=\"wp-block-group alignfull is-style-ext-preset--group--natural-1--section has-background-background-color has-background has-global-padding is-layout-constrained wp-container-core-group-is-layout-e955bbaf wp-block-group-is-layout-constrained\" style=\"margin-top:0;margin-bottom:0;padding-top:var(--wp--preset--spacing--70);padding-bottom:var(--wp--preset--spacing--70)\">\n<div class=\"wp-block-group alignwide ext-is-logical-start has-global-padding is-content-justification-left is-layout-constrained wp-container-core-group-is-layout-6729bdbe wp-block-group-is-layout-constrained\">\n<h2 class=\"wp-block-heading ext-animate--on\">D\u00e9couvrez nos tours en h\u00e9licopt\u00e8re<\/h2>\n\n\n\n<p class=\"has-text-align-left ext-animate--on\">D\u00e9couvrez en d\u00e9tail nos divers tours de sightseeing en h\u00e9licopt\u00e8re, mettant en avant ce qui rend chaque exp\u00e9rience inoubliable et adapt\u00e9e \u00e0 vos envies d'aventure.<\/p>\n<\/div>\n\n\n\n<div class=\"wp-block-columns alignwide is-layout-flex wp-container-core-columns-is-layout-08c01c1c wp-block-columns-is-layout-flex\">\n<div class=\"wp-block-column is-vertically-aligned-stretch ext-animate--on is-layout-flow wp-container-core-column-is-layout-f5bb311e wp-block-column-is-layout-flow\">\n<div class=\"wp-block-group is-style-ext-preset--group--natural-1--item-card-1--align-start has-global-padding is-layout-constrained wp-block-group-is-layout-constrained is-style-ext-preset--group--natural-1--item-card-1--align-start--4\">\n<div class=\"wp-block-group is-style-default has-global-padding is-layout-constrained wp-block-group-is-layout-constrained\">\n<div class=\"wp-block-group is-nowrap is-layout-flex wp-container-core-group-is-layout-64fa2afa wp-block-group-is-layout-flex\" style=\"padding-top:0;padding-right:0;padding-bottom:0;padding-left:0\">\n<figure class=\"wp-block-image size-large ext-aspect-landscape extendify-image-import wp-duotone-primary-foreground\"><img decoding=\"async\" src=\"data:image\/svg+xml;base64,PHN2ZyB4bWxucz0iaHR0cDovL3d3dy53My5vcmcvMjAwMC9zdmciIHdpZHRoPSI0OCIgaGVpZ2h0PSI0OCIgZmlsbD0iIzAwMDAwMCIgdmlld0JveD0iMCAwIDI1NiAyNTYiPjxwYXRoIGQ9Ik0xNzIsNzZhNDQsNDQsMCwxLDAtNDQsNDRBNDQuMDUsNDQuMDUsMCwwLDAsMTcyLDc2Wm0tNDQsMjhhMjgsMjgsMCwxLDEsMjgtMjhBMjgsMjgsMCwwLDEsMTI4LDEwNFptNjAsMjRhNDQsNDQsMCwxLDAsNDQsNDRBNDQuMDUsNDQuMDUsMCwwLDAsMTg4LDEyOFptMCw3MmEyOCwyOCwwLDEsMSwyOC0yOEEyOCwyOCwwLDAsMSwxODgsMjAwWk02OCwxMjhhNDQsNDQsMCwxLDAsNDQsNDRBNDQuMDUsNDQuMDUsMCwwLDAsNjgsMTI4Wm0wLDcyYTI4LDI4LDAsMSwxLDI4LTI4QTI4LDI4LDAsMCwxLDY4LDIwMFoiPjwvcGF0aD48L3N2Zz4=\" alt=\"\" style=\"object-fit:cover\"\/><\/figure>\n\n\n\n<div class=\"wp-block-group wp-container-content-958eb9dc has-global-padding is-layout-constrained wp-container-core-group-is-layout-c06d165c wp-block-group-is-layout-constrained\" style=\"padding-top:0;padding-right:0;padding-bottom:0;padding-left:0\">\n<h3 class=\"wp-block-heading\">Visite de 12 minutes<\/h3>\n\n\n\n<p>Des si\u00e8ges pr\u00e8s de la fen\u00eatre pour tout le monde avec une vue majestueuse sur Roskilde et ses nombreux points d'int\u00e9r\u00eat.<\/p>\n\n\n\n<p>Explorez Roskilde sous un nouvel angle :<\/p>\n\n\n\n<ul class=\"wp-block-list\">\n<li>Cath\u00e9drale de Roskilde<\/li>\n\n\n\n<li>Le Mus\u00e9e des bateaux vikings<\/li>\n\n\n\n<li>Festival de musique de Roskilde<\/li>\n\n\n\n<li>Fjord de Roskilde<\/li>\n\n\n\n<li>Ris\u00f8<\/li>\n\n\n\n<li>Foire agricole et d'\u00e9levage de Roskilde, qui accueille \u00e9galement le festival de musique annuel de Roskilde<\/li>\n\n\n\n<li>Les champs agricoles environnants<\/li>\n<\/ul>\n<\/div>\n<\/div>\n<\/div>\n<\/div>\n<\/div>\n\n\n\n<div class=\"wp-block-column is-vertically-aligned-stretch ext-animate--on is-layout-flow wp-container-core-column-is-layout-f5bb311e wp-block-column-is-layout-flow\">\n<div class=\"wp-block-group is-style-ext-preset--group--natural-1--item-card-1--align-start has-global-padding is-layout-constrained wp-block-group-is-layout-constrained is-style-ext-preset--group--natural-1--item-card-1--align-start--5\">\n<div class=\"wp-block-group is-style-default has-global-padding is-layout-constrained wp-block-group-is-layout-constrained\">\n<div class=\"wp-block-group is-nowrap is-layout-flex wp-container-core-group-is-layout-64fa2afa wp-block-group-is-layout-flex\" style=\"padding-top:0;padding-right:0;padding-bottom:0;padding-left:0\">\n<figure class=\"wp-block-image size-large ext-aspect-landscape extendify-image-import wp-duotone-primary-foreground\"><img decoding=\"async\" src=\"data:image\/svg+xml;base64,PHN2ZyB4bWxucz0iaHR0cDovL3d3dy53My5vcmcvMjAwMC9zdmciIHdpZHRoPSI0OCIgaGVpZ2h0PSI0OCIgZmlsbD0iIzAwMDAwMCIgdmlld0JveD0iMCAwIDI1NiAyNTYiPjxwYXRoIGQ9Ik04MCw0MGE0MCw0MCwwLDEsMCw0MCw0MEE0MCw0MCwwLDAsMCw4MCw0MFptMCw2NGEyNCwyNCwwLDEsMSwyNC0yNEEyNCwyNCwwLDAsMSw4MCwxMDRabTk2LDE2YTQwLDQwLDAsMSwwLTQwLTQwQTQwLDQwLDAsMCwwLDE3NiwxMjBabTAtNjRhMjQsMjQsMCwxLDEtMjQsMjRBMjQsMjQsMCwwLDEsMTc2LDU2Wk04MCwxMzZhNDAsNDAsMCwxLDAsNDAsNDBBNDAsNDAsMCwwLDAsODAsMTM2Wm0wLDY0YTI0LDI0LDAsMSwxLDI0LTI0QTI0LDI0LDAsMCwxLDgwLDIwMFptOTYtNjRhNDAsNDAsMCwxLDAsNDAsNDBBNDAsNDAsMCwwLDAsMTc2LDEzNlptMCw2NGEyNCwyNCwwLDEsMSwyNC0yNEEyNCwyNCwwLDAsMSwxNzYsMjAwWiI+PC9wYXRoPjwvc3ZnPg==\" alt=\"\" style=\"object-fit:cover\"\/><\/figure>\n\n\n\n<div class=\"wp-block-group wp-container-content-958eb9dc has-global-padding is-layout-constrained wp-container-core-group-is-layout-c06d165c wp-block-group-is-layout-constrained\" style=\"padding-top:0;padding-right:0;padding-bottom:0;padding-left:0\">\n<h3 class=\"wp-block-heading\">Visite de 28 minutes<\/h3>\n\n\n\n<p>Si\u00e8ge pr\u00e8s de la fen\u00eatre pour tous avec une vue majestueuse sur Copenhague et ses nombreux points d'int\u00e9r\u00eat :<\/p>\n\n\n\n<p>Sur notre chemin vers Copenhague et en revenant, nous traversons diff\u00e9rentes zones de banlieue et des champs agricoles avec leurs petits bosquets pour la faune locale. Au loin, nous avons une vue sur la c\u00f4te su\u00e9doise et l'impressionnant pont de l'\u00d8resund.<\/p>\n\n\n\n<p>Explorez Copenhague sous un nouvel angle :<\/p>\n\n\n\n<ul class=\"wp-block-list\">\n<li>Parc d'attractions Tivoli<\/li>\n\n\n\n<li>Palais royal d'Amalienborg<\/li>\n\n\n\n<li>L'Op\u00e9ra<\/li>\n\n\n\n<li>L'\u00c9glise de Marbre<\/li>\n\n\n\n<li>Ch\u00e2teau de Rosenborg et Jardin du Roi<\/li>\n\n\n\n<li>Palais de Christiansborg \u2013 Le Parlement danois<\/li>\n\n\n\n<li>Jardin Botanique<\/li>\n\n\n\n<li>Fort de Trekroner<\/li>\n\n\n\n<li>Quartier r\u00e9sidentiel de North Harbour \u2013 design nordique vert<\/li>\n\n\n\n<li>Quai de croisi\u00e8re de Langelinie<\/li>\n\n\n\n<li>Palais de Frederiksberg (vu de loin)<\/li>\n\n\n\n<li>ZOO de Copenhague (vu de loin)<\/li>\n\n\n\n<li>Les canaux et les lacs<\/li>\n\n\n\n<li>Quartiers d'\u00d8restaden&nbsp;<\/li>\n\n\n\n<li>Champs agricoles et faune locale<\/li>\n\n\n\n<li>.et bien d'autres sites encore<\/li>\n<\/ul>\n<\/div>\n<\/div>\n<\/div>\n<\/div>\n<\/div>\n\n\n\n<div class=\"wp-block-column is-vertically-aligned-stretch ext-animate--on is-layout-flow wp-container-core-column-is-layout-f5bb311e wp-block-column-is-layout-flow\">\n<div class=\"wp-block-group is-style-ext-preset--group--natural-1--item-card-1--align-start has-global-padding is-layout-constrained wp-block-group-is-layout-constrained is-style-ext-preset--group--natural-1--item-card-1--align-start--6\">\n<div class=\"wp-block-group is-style-default has-global-padding is-layout-constrained wp-block-group-is-layout-constrained\">\n<div class=\"wp-block-group is-nowrap is-layout-flex wp-container-core-group-is-layout-64fa2afa wp-block-group-is-layout-flex\" style=\"padding-top:0;padding-right:0;padding-bottom:0;padding-left:0\">\n<figure class=\"wp-block-image size-large ext-aspect-landscape extendify-image-import wp-duotone-primary-foreground\"><img decoding=\"async\" src=\"data:image\/svg+xml;base64,PHN2ZyB4bWxucz0iaHR0cDovL3d3dy53My5vcmcvMjAwMC9zdmciIHdpZHRoPSI0OCIgaGVpZ2h0PSI0OCIgZmlsbD0iIzAwMDAwMCIgdmlld0JveD0iMCAwIDI1NiAyNTYiPjxwYXRoIGQ9Ik04MCw0MGE0MCw0MCwwLDEsMCw0MCw0MEE0MCw0MCwwLDAsMCw4MCw0MFptMCw2NGEyNCwyNCwwLDEsMSwyNC0yNEEyNCwyNCwwLDAsMSw4MCwxMDRabTk2LDE2YTQwLDQwLDAsMSwwLTQwLTQwQTQwLDQwLDAsMCwwLDE3NiwxMjBabTAtNjRhMjQsMjQsMCwxLDEtMjQsMjRBMjQsMjQsMCwwLDEsMTc2LDU2Wk04MCwxMzZhNDAsNDAsMCwxLDAsNDAsNDBBNDAsNDAsMCwwLDAsODAsMTM2Wm0wLDY0YTI0LDI0LDAsMSwxLDI0LTI0QTI0LDI0LDAsMCwxLDgwLDIwMFptMTM2LTI0YTgsOCwwLDAsMS04LDhIMTg0djI0YTgsOCwwLDAsMS0xNiwwVjE4NEgxNDRhOCw4LDAsMCwxLDAtMTZoMjRWMTQ0YTgsOCwwLDAsMSwxNiwwdjI0aDI0QTgsOCwwLDAsMSwyMTYsMTc2WiI+PC9wYXRoPjwvc3ZnPg==\" alt=\"\" style=\"object-fit:cover\"\/><\/figure>\n\n\n\n<div class=\"wp-block-group wp-container-content-958eb9dc has-global-padding is-layout-constrained wp-container-core-group-is-layout-c06d165c wp-block-group-is-layout-constrained\" style=\"padding-top:0;padding-right:0;padding-bottom:0;padding-left:0\">\n<h3 class=\"wp-block-heading\">Visites de 45 et 60 minutes<\/h3>\n\n\n\n<p>Si\u00e8ge c\u00f4t\u00e9 fen\u00eatre pour tout le monde avec une vue majestueuse.<\/p>\n\n\n\n<p>Nous survolons la Z\u00e9lande et allons o\u00f9 vous voulez aller, dans la limite du temps r\u00e9serv\u00e9. Par exemple, le vol peut couvrir certains des points ci-dessous, en fonction du temps disponible :<\/p>\n\n\n\n<ul class=\"wp-block-list\">\n<li>Copenhague et tous ses sites tels que mentionn\u00e9s sur notre vol \u201c Tout sur Copenhague \u201d.<\/li>\n\n\n\n<li>Roskilde et ses curiosit\u00e9s mentionn\u00e9es dans notre vol \u201c Tout sur Roskilde \u201d<\/li>\n\n\n\n<li>Ch\u00e2teau de Fredensborg, ch\u00e2teau de Kronborg et ch\u00e2teau de Frederiksborg<\/li>\n\n\n\n<li>Manoir de Marienborg<\/li>\n\n\n\n<li>Ch\u00e2teau de Kokkedal<\/li>\n\n\n\n<li>Stevns Klint et le Fort de Stevns<\/li>\n\n\n\n<li>Fjord de Pr\u00e6st\u00f8<\/li>\n\n\n\n<li>Le pont de l'\u00d8resund et l'\u00d8resund<\/li>\n\n\n\n<li>.et bien d'autres sites encore<\/li>\n<\/ul>\n\n\n\n<p>Le vol est un vol priv\u00e9, vous avez donc les trois si\u00e8ges \u00e0 votre disposition. Invitez donc vos proches ou vos meilleurs amis \u00e0 bord.<\/p>\n\n\n\n<p>Exemples de ce qui peut \u00eatre accompli avec chaque dur\u00e9e de temps :<\/p>\n\n\n\n<p>45 minutes pour rejoindre les ch\u00e2teaux de Kronborg, Fredensborg et Frederiksborg ainsi que la ville de Roskilde.<\/p>\n\n\n\n<p>60 minutes peuvent vous permettre de faire le vol de 45 minutes et une bonne visite de la ville de Copenhague. Ou de M\u00f8ns Klint. Ou du Grand Pont de ceinture.<\/p>\n<\/div>\n<\/div>\n<\/div>\n<\/div>\n<\/div>\n<\/div>\n<\/div>\n\n\n\n<div class=\"wp-block-group alignfull is-style-ext-preset--group--natural-1--section has-tertiary-background-color has-background has-global-padding is-layout-constrained wp-container-core-group-is-layout-e955bbaf wp-block-group-is-layout-constrained\" style=\"margin-top:0;margin-bottom:0;padding-top:var(--wp--preset--spacing--70);padding-bottom:var(--wp--preset--spacing--70)\">\n<div class=\"wp-block-group alignwide ext-is-logical-start has-global-padding is-content-justification-left is-layout-constrained wp-container-core-group-is-layout-6729bdbe wp-block-group-is-layout-constrained\">\n<h2 class=\"wp-block-heading alignwide ext-animate--on\">Comment r\u00e9server un vol touristique en h\u00e9licopt\u00e8re depuis l'a\u00e9roport de Copenhague Roskilde<\/h2>\n<\/div>\n\n\n\n<div class=\"wp-block-columns alignwide is-layout-flex wp-container-core-columns-is-layout-28f84493 wp-block-columns-is-layout-flex\">\n<div class=\"wp-block-column is-layout-flow wp-block-column-is-layout-flow\">\n<p>Cliquez sur le bouton vert pour acc\u00e9der \u00e0 notre syst\u00e8me de r\u00e9servation Rezdy.<\/p>\n<\/div>\n\n\n\n<div class=\"wp-block-column is-layout-flow wp-block-column-is-layout-flow\">\n<div class=\"wp-block-buttons is-layout-flex wp-block-buttons-is-layout-flex\">\n<div class=\"wp-block-button\"><a class=\"wp-block-button__link wp-element-button\" href=\"https:\/\/copenhagenhelicopteraps.rezdy.com\/index?preview=1&amp;lang=en\" target=\"_blank\" rel=\"noreferrer noopener\"><strong>R\u00c9SERVER ICI<\/strong> <em>(s'ouvre dans un nouvel onglet)<\/em><\/a><\/div>\n<\/div>\n<\/div>\n<\/div>\n\n\n\n<div class=\"wp-block-columns alignwide is-layout-flex wp-container-core-columns-is-layout-08c01c1c wp-block-columns-is-layout-flex\">\n<div class=\"wp-block-column is-vertically-aligned-stretch ext-animate--on is-layout-flow wp-container-core-column-is-layout-f5bb311e wp-block-column-is-layout-flow\">\n<div class=\"wp-block-group is-style-ext-preset--group--natural-1--item-card-1--align-start has-global-padding is-layout-constrained wp-block-group-is-layout-constrained is-style-ext-preset--group--natural-1--item-card-1--align-start--8\">\n<div class=\"wp-block-group is-style-default has-global-padding is-layout-constrained wp-block-group-is-layout-constrained\">\n<figure class=\"wp-block-image size-large ext-aspect-landscape extendify-image-import wp-duotone-primary-foreground\"><img decoding=\"async\" src=\"data:image\/svg+xml;base64,PHN2ZyB4bWxucz0iaHR0cDovL3d3dy53My5vcmcvMjAwMC9zdmciIHdpZHRoPSI0OCIgaGVpZ2h0PSI0OCIgZmlsbD0iIzAwMDAwMCIgdmlld0JveD0iMCAwIDI1NiAyNTYiPjxwYXRoIGQ9Ik0xMjgsMjRBMTA0LDEwNCwwLDEsMCwyMzIsMTI4LDEwNC4xMSwxMDQuMTEsMCwwLDAsMTI4LDI0Wm0wLDE5MmE4OCw4OCwwLDEsMSw4OC04OEE4OC4xLDg4LjEsMCwwLDEsMTI4LDIxNlpNMTQwLDgwdjk2YTgsOCwwLDAsMS0xNiwwVjk1bC0xMS41Niw3LjcxYTgsOCwwLDEsMS04Ljg4LTEzLjMybDI0LTE2QTgsOCwwLDAsMSwxNDAsODBaIj48L3BhdGg+PC9zdmc+\" alt=\"\" style=\"object-fit:cover\"\/><\/figure>\n\n\n\n<h3 class=\"wp-block-heading\">\u00c9tape un : Choisissez votre visite<\/h3>\n\n\n\n<p>Commencez par choisir parmi notre gamme d'excursions panoramiques, des vols rapides de 12 minutes aux exp\u00e9riences immersives de 60 minutes.<\/p>\n<\/div>\n<\/div>\n<\/div>\n\n\n\n<div class=\"wp-block-column is-vertically-aligned-stretch ext-animate--on is-layout-flow wp-container-core-column-is-layout-f5bb311e wp-block-column-is-layout-flow\">\n<div class=\"wp-block-group is-style-ext-preset--group--natural-1--item-card-1--align-start has-global-padding is-layout-constrained wp-block-group-is-layout-constrained is-style-ext-preset--group--natural-1--item-card-1--align-start--9\">\n<div class=\"wp-block-group is-style-default has-global-padding is-layout-constrained wp-block-group-is-layout-constrained\">\n<figure class=\"wp-block-image size-large ext-aspect-landscape extendify-image-import wp-duotone-primary-foreground\"><img decoding=\"async\" src=\"data:image\/svg+xml;base64,PHN2ZyB4bWxucz0iaHR0cDovL3d3dy53My5vcmcvMjAwMC9zdmciIHdpZHRoPSI0OCIgaGVpZ2h0PSI0OCIgZmlsbD0iIzAwMDAwMCIgdmlld0JveD0iMCAwIDI1NiAyNTYiPjxwYXRoIGQ9Ik0xMjgsMjRBMTA0LDEwNCwwLDEsMCwyMzIsMTI4LDEwNC4xMSwxMDQuMTEsMCwwLDAsMTI4LDI0Wm0wLDE5MmE4OCw4OCwwLDEsMSw4OC04OEE4OC4xLDg4LjEsMCwwLDEsMTI4LDIxNlptMjUuNTYtOTIuNzRMMTIwLDE2OGgzMmE4LDgsMCwwLDEsMCwxNkgxMDRhOCw4LDAsMCwxLTYuNC0xMi44bDQzLjE3LTU3LjU2YTE2LDE2LDAsMSwwLTI3Ljg2LTE1LDgsOCwwLDAsMS0xNS4wOS01LjM0LDMyLDMyLDAsMSwxLDU1Ljc0LDI5LjkzWiI+PC9wYXRoPjwvc3ZnPg==\" alt=\"\" style=\"object-fit:cover\"\/><\/figure>\n\n\n\n<h3 class=\"wp-block-heading\">\u00c9tape deux : Processus de r\u00e9servation<\/h3>\n\n\n\n<p>Choisissez le nombre de participants, la date et l'heure.<\/p>\n\n\n\n<p>Puis remplissez les informations n\u00e9cessaires et choisissez le mode de paiement et le processus de r\u00e9servation est termin\u00e9.<\/p>\n<\/div>\n<\/div>\n<\/div>\n\n\n\n<div class=\"wp-block-column is-vertically-aligned-stretch ext-animate--on is-layout-flow wp-container-core-column-is-layout-f5bb311e wp-block-column-is-layout-flow\">\n<div class=\"wp-block-group is-style-ext-preset--group--natural-1--item-card-1--align-start has-global-padding is-layout-constrained wp-block-group-is-layout-constrained is-style-ext-preset--group--natural-1--item-card-1--align-start--10\">\n<div class=\"wp-block-group is-style-default has-global-padding is-layout-constrained wp-block-group-is-layout-constrained\">\n<figure class=\"wp-block-image size-large ext-aspect-landscape extendify-image-import wp-duotone-primary-foreground\"><img decoding=\"async\" src=\"data:image\/svg+xml;base64,PHN2ZyB4bWxucz0iaHR0cDovL3d3dy53My5vcmcvMjAwMC9zdmciIHdpZHRoPSI0OCIgaGVpZ2h0PSI0OCIgZmlsbD0iIzAwMDAwMCIgdmlld0JveD0iMCAwIDI1NiAyNTYiPjxwYXRoIGQ9Ik0xMjgsMjRBMTA0LDEwNCwwLDEsMCwyMzIsMTI4LDEwNC4xMSwxMDQuMTEsMCwwLDAsMTI4LDI0Wm0wLDE5MmE4OCw4OCwwLDEsMSw4OC04OEE4OC4xLDg4LjEsMCwwLDEsMTI4LDIxNlptMzItNjRhMzYsMzYsMCwwLDEtNjEuNzEsMjUuMTlBOCw4LDAsMSwxLDEwOS43MSwxNjYsMjAsMjAsMCwxLDAsMTI0LDEzMmE4LDgsMCwwLDEtNi41NS0xMi41OUwxMzYuNjMsOTJIMTA0YTgsOCwwLDAsMSwwLTE2aDQ4YTgsOCwwLDAsMSw2LjU1LDEyLjU5bC0yMSwzMEEzNi4wNywzNi4wNywwLDAsMSwxNjAsMTUyWiI+PC9wYXRoPjwvc3ZnPg==\" alt=\"\" style=\"object-fit:cover\"\/><\/figure>\n\n\n\n<h3 class=\"wp-block-heading\">\u00c9tape Trois : Pr\u00e9paration du Vol<\/h3>\n\n\n\n<p>Pr\u00e9parez-vous au d\u00e9collage en arrivant \u00e0 l'a\u00e9roport de Copenhague, Roskilde, 15 minutes avant votre d\u00e9part, o\u00f9 vous recevrez un briefing de s\u00e9curit\u00e9 et des conseils pour garantir une exp\u00e9rience de visite agr\u00e9able et m\u00e9morable, tout en profitant de caf\u00e9, th\u00e9, vin p\u00e9tillant et\/ou de collations.<\/p>\n<\/div>\n<\/div>\n<\/div>\n<\/div>\n<\/div>","protected":false},"excerpt":{"rendered":"<p>How to Book Helicopter Sightseeing from Copenhagen Airport, Roskilde Book helicopter sightseeing from Copenhagen Airport, Roskilde, near Copenhagen.Choose between 12, 28, 45 or 60 minute flights \u2013 per seat or private helicopter depending on availability.See all available dates and book directly in our booking system. Discover Our Helicopter Tours Get a detailed look at our [&hellip;]<\/p>\n","protected":false},"author":1,"featured_media":0,"parent":0,"menu_order":0,"comment_status":"closed","ping_status":"closed","template":"no-title","meta":{"om_disable_all_campaigns":false,"_monsterinsights_skip_tracking":false,"_monsterinsights_sitenote_active":false,"_monsterinsights_sitenote_note":"","_monsterinsights_sitenote_category":0,"footnotes":""},"class_list":["post-753","page","type-page","status-publish","hentry"],"aioseo_notices":[],"_links":{"self":[{"href":"https:\/\/cphhelicopter.dk\/fr\/wp-json\/wp\/v2\/pages\/753","targetHints":{"allow":["GET"]}}],"collection":[{"href":"https:\/\/cphhelicopter.dk\/fr\/wp-json\/wp\/v2\/pages"}],"about":[{"href":"https:\/\/cphhelicopter.dk\/fr\/wp-json\/wp\/v2\/types\/page"}],"author":[{"embeddable":true,"href":"https:\/\/cphhelicopter.dk\/fr\/wp-json\/wp\/v2\/users\/1"}],"replies":[{"embeddable":true,"href":"https:\/\/cphhelicopter.dk\/fr\/wp-json\/wp\/v2\/comments?post=753"}],"version-history":[{"count":10,"href":"https:\/\/cphhelicopter.dk\/fr\/wp-json\/wp\/v2\/pages\/753\/revisions"}],"predecessor-version":[{"id":826,"href":"https:\/\/cphhelicopter.dk\/fr\/wp-json\/wp\/v2\/pages\/753\/revisions\/826"}],"wp:attachment":[{"href":"https:\/\/cphhelicopter.dk\/fr\/wp-json\/wp\/v2\/media?parent=753"}],"curies":[{"name":"wp","href":"https:\/\/api.w.org\/{rel}","templated":true}]}}